{"id":14046,"date":"2020-07-25T17:50:49","date_gmt":"2020-07-25T17:50:49","guid":{"rendered":"https:\/\/legaliaspain.com\/articles\/"},"modified":"2021-03-16T16:03:01","modified_gmt":"2021-03-16T16:03:01","slug":"articulos-comentarios-legales","status":"publish","type":"page","link":"https:\/\/legaliaspain.com\/es\/articulos-comentarios-legales\/","title":{"rendered":"Art\u00edculos"},"content":{"rendered":"<h1 style=\"text-align: center;\">Art\u00edculos y Comentarios Legales<\/h1>\n<p>&nbsp;<\/p>\n<div class=\"row \"><div class=\"wpv-grid grid-1-1  wpv-first-level first unextended\" style=\"padding-top:0px;padding-bottom:0px\" id=\"wpv-column-c64c792c3908830d8c6be637acc8dded\" ><div class=\"loop-wrapper clearfix news row small paginated\" data-columns=\"2\"  >\n\t\t<div class=\"page-content post-header grid-1-2 clearboth list-item post-12736 post type-post status-publish format-standard has-post-thumbnail hentry category-inmobiliario-en-espana tag-comprar-una-propiedad tag-contrato-de-arras tag-residencia-en-espana\" >\n\t\t\t<div>\n\t\t\t\t<div class=\"post-article has-image-wrapper \">\n\t<div class=\"standard-post-format clearfix as-image \">\n\t\t\t<div class=\"thumbnail\">\n\t\t\t\t\t<a href=\"https:\/\/legaliaspain.com\/es\/como-comprar-una-casa-espana\/\" title=\"\u00bfC\u00f3mo comprar una casa en Espa\u00f1a?\">\n\t\t\t\t<img loading=\"lazy\" decoding=\"async\" width=\"555\" height=\"426\" src=\"https:\/\/legaliaspain.com\/wp-content\/uploads\/2020\/09\/ConveyancingES-555x426.jpg\" class=\"attachment-post-small-2 size-post-small-2 wp-post-image\" alt=\"comprarcasaespa\u00f1a\" srcset=\"https:\/\/legaliaspain.com\/wp-content\/uploads\/2020\/09\/ConveyancingES-555x426.jpg 555w, https:\/\/legaliaspain.com\/wp-content\/uploads\/2020\/09\/ConveyancingES-480x369.jpg 480w, https:\/\/legaliaspain.com\/wp-content\/uploads\/2020\/09\/ConveyancingES-1140x876.jpg 1140w, https:\/\/legaliaspain.com\/wp-content\/uploads\/2020\/09\/ConveyancingES-360x276.jpg 360w, https:\/\/legaliaspain.com\/wp-content\/uploads\/2020\/09\/ConveyancingES-262x201.jpg 262w\" sizes=\"auto, (min-width: 900px) 50vw, 100vw\" \/>\t\t\t\t<span class='icon shortcode theme  use-hover' style=''>&#58897;<\/span>\t\t\t<\/a>\n\t\t\t<\/div>\n\n\t<div class=\"post-content-wrapper\">\n\t\t<div class=\"post-actions-wrapper clearfix\">\n\t\t\t<div class=\"post-date date updated\">\n\t\t\t\t\t\t\t<\/div>\n\t\t\t\t\t\t\t\n\t\t\t\t\t\t\t\t\t<\/div>\n\n\t\t\t\t<header class=\"single\">\n\t\t\t<div class=\"content\">\n\t\t\t\t<h3>\n\t\t\t\t\t<a href=\"https:\/\/legaliaspain.com\/es\/como-comprar-una-casa-espana\/\" title=\"\u00bfC\u00f3mo comprar una casa en Espa\u00f1a?\" class=\"entry-title\">\u00bfC\u00f3mo comprar una casa en Espa\u00f1a?<\/a>\n\t\t\t\t<\/h3>\n\t\t\t<\/div>\n\t\t<\/header>\n\t\n\t\t<div class=\"post-content-outer\">\n\t\t\t<p>En este art\u00edculo analizamos siete aspectos esenciales en la compra de un inmueble en Espa\u00f1a con especial \u00e9nfasis en el contrato de arras<\/p>\n\t\t<\/div>\n\n\t\t\t\t\t<div class=\"post-content-meta\">\n\t\t\t\t\t\t\t\t<div>\n\t\t\t\t\tPosted in:  <a href=\"https:\/\/legaliaspain.com\/es\/category\/inmobiliario-en-espana\/\" rel=\"category tag\">Sector Inmobiliario<\/a>\t\t\t\t<\/div>\n\t\t\t\t<div class=\"the-tags\">Tags: <a href=\"https:\/\/legaliaspain.com\/es\/tag\/comprar-una-propiedad\/\" rel=\"tag\">Comprar una Propiedad<\/a>, <a href=\"https:\/\/legaliaspain.com\/es\/tag\/contrato-de-arras\/\" rel=\"tag\">Contrato de Arras<\/a>, <a href=\"https:\/\/legaliaspain.com\/es\/tag\/residencia-en-espana\/\" rel=\"tag\">Residencia en Espa\u00f1a<\/a><\/div>\t\t\t<\/div>\n\t\t\t<\/div>\n\t<\/div>\n<\/div>\n\t\t\t<\/div>\n\t\t<\/div>\n\t\t<div class=\"page-content post-header grid-1-2 list-item post-14085 post type-post status-publish format-standard has-post-thumbnail hentry category-negocios-en-espana category-startups-es tag-emprender tag-sl\" >\n\t\t\t<div>\n\t\t\t\t<div class=\"post-article has-image-wrapper \">\n\t<div class=\"standard-post-format clearfix as-image \">\n\t\t\t<div class=\"thumbnail\">\n\t\t\t\t\t<a href=\"https:\/\/legaliaspain.com\/es\/como-crear-empresa-espana\/\" title=\"Crear una empresa en Espa\u00f1a en 7 sencillos pasos\">\n\t\t\t\t<img loading=\"lazy\" decoding=\"async\" width=\"555\" height=\"426\" src=\"https:\/\/legaliaspain.com\/wp-content\/uploads\/2020\/07\/ES_Setting-Up-Company-555x426.jpg\" class=\"attachment-post-small-2 size-post-small-2 wp-post-image\" alt=\"\" srcset=\"https:\/\/legaliaspain.com\/wp-content\/uploads\/2020\/07\/ES_Setting-Up-Company-555x426.jpg 555w, https:\/\/legaliaspain.com\/wp-content\/uploads\/2020\/07\/ES_Setting-Up-Company-480x369.jpg 480w, https:\/\/legaliaspain.com\/wp-content\/uploads\/2020\/07\/ES_Setting-Up-Company-1140x876.jpg 1140w, https:\/\/legaliaspain.com\/wp-content\/uploads\/2020\/07\/ES_Setting-Up-Company-360x276.jpg 360w, https:\/\/legaliaspain.com\/wp-content\/uploads\/2020\/07\/ES_Setting-Up-Company-262x201.jpg 262w\" sizes=\"auto, (min-width: 900px) 50vw, 100vw\" \/>\t\t\t\t<span class='icon shortcode theme  use-hover' style=''>&#58897;<\/span>\t\t\t<\/a>\n\t\t\t<\/div>\n\n\t<div class=\"post-content-wrapper\">\n\t\t<div class=\"post-actions-wrapper clearfix\">\n\t\t\t<div class=\"post-date date updated\">\n\t\t\t\t\t\t\t<\/div>\n\t\t\t\t\t\t\t\n\t\t\t\t\t\t\t\t\t<\/div>\n\n\t\t\t\t<header class=\"single\">\n\t\t\t<div class=\"content\">\n\t\t\t\t<h3>\n\t\t\t\t\t<a href=\"https:\/\/legaliaspain.com\/es\/como-crear-empresa-espana\/\" title=\"Crear una empresa en Espa\u00f1a en 7 sencillos pasos\" class=\"entry-title\">Crear una empresa en Espa\u00f1a en 7 sencillos pasos<\/a>\n\t\t\t\t<\/h3>\n\t\t\t<\/div>\n\t\t<\/header>\n\t\n\t\t<div class=\"post-content-outer\">\n\t\t\t<p>En este art\u00edculo hablamos en detalle sobre el proceso de crear una empresa en Espa\u00f1a centr\u00e1ndonos en los aspectos m\u00e1s importantes del proceso y las cosas m\u00e1s importantes a tener en cuenta a la hora de crear una sociedad.<\/p>\n\t\t<\/div>\n\n\t\t\t\t\t<div class=\"post-content-meta\">\n\t\t\t\t\t\t\t\t<div>\n\t\t\t\t\tPosted in:  <a href=\"https:\/\/legaliaspain.com\/es\/category\/negocios-en-espana\/\" rel=\"category tag\">Negocios en Espa\u00f1a<\/a>, <a href=\"https:\/\/legaliaspain.com\/es\/category\/startups-es\/\" rel=\"category tag\">Startups<\/a>\t\t\t\t<\/div>\n\t\t\t\t<div class=\"the-tags\">Tags: <a href=\"https:\/\/legaliaspain.com\/es\/tag\/emprender\/\" rel=\"tag\">Emprender<\/a>, <a href=\"https:\/\/legaliaspain.com\/es\/tag\/sl\/\" rel=\"tag\">SL<\/a><\/div>\t\t\t<\/div>\n\t\t\t<\/div>\n\t<\/div>\n<\/div>\n\t\t\t<\/div>\n\t\t<\/div>\n\t\t<div class=\"page-content post-header grid-1-2 clearboth list-item post-14440 post type-post status-publish format-standard has-post-thumbnail hentry category-derecho-societario category-negocios-en-espana category-startups-es tag-invertir-en-espana tag-nomadas-digitales tag-startups tag-stock-options\" >\n\t\t\t<div>\n\t\t\t\t<div class=\"post-article has-image-wrapper \">\n\t<div class=\"standard-post-format clearfix as-image \">\n\t\t\t<div class=\"thumbnail\">\n\t\t\t\t\t<a href=\"https:\/\/legaliaspain.com\/es\/el-anteproyecto-de-la-ley-de-startups-que-nos-depara-el-futuro\/\" title=\"El anteproyecto de la Ley de Startups, \u00bfqu\u00e9 depara el futuro?\">\n\t\t\t\t<img loading=\"lazy\" decoding=\"async\" width=\"555\" height=\"426\" src=\"https:\/\/legaliaspain.com\/wp-content\/uploads\/2021\/12\/Startups-555x426.jpg\" class=\"attachment-post-small-2 size-post-small-2 wp-post-image\" alt=\"startups\" srcset=\"https:\/\/legaliaspain.com\/wp-content\/uploads\/2021\/12\/Startups-555x426.jpg 555w, https:\/\/legaliaspain.com\/wp-content\/uploads\/2021\/12\/Startups-480x369.jpg 480w, https:\/\/legaliaspain.com\/wp-content\/uploads\/2021\/12\/Startups-1140x876.jpg 1140w, https:\/\/legaliaspain.com\/wp-content\/uploads\/2021\/12\/Startups-360x276.jpg 360w, https:\/\/legaliaspain.com\/wp-content\/uploads\/2021\/12\/Startups-262x201.jpg 262w\" sizes=\"auto, (min-width: 900px) 50vw, 100vw\" \/>\t\t\t\t<span class='icon shortcode theme  use-hover' style=''>&#58897;<\/span>\t\t\t<\/a>\n\t\t\t<\/div>\n\n\t<div class=\"post-content-wrapper\">\n\t\t<div class=\"post-actions-wrapper clearfix\">\n\t\t\t<div class=\"post-date date updated\">\n\t\t\t\t\t\t\t<\/div>\n\t\t\t\t\t\t\t\n\t\t\t\t\t\t\t\t\t<\/div>\n\n\t\t\t\t<header class=\"single\">\n\t\t\t<div class=\"content\">\n\t\t\t\t<h3>\n\t\t\t\t\t<a href=\"https:\/\/legaliaspain.com\/es\/el-anteproyecto-de-la-ley-de-startups-que-nos-depara-el-futuro\/\" title=\"El anteproyecto de la Ley de Startups, \u00bfqu\u00e9 depara el futuro?\" class=\"entry-title\">El anteproyecto de la Ley de Startups, \u00bfqu\u00e9 depara el futuro?<\/a>\n\t\t\t\t<\/h3>\n\t\t\t<\/div>\n\t\t<\/header>\n\t\n\t\t<div class=\"post-content-outer\">\n\t\t\t<p>El Gobierno pretende impulsar la inversi\u00f3n en Espa\u00f1a mediante la promulgaci\u00f3n de la Ley de Startups. En este breve art\u00edculo repasamos las novedades que contiene el anteproyecto de la ley.<\/p>\n\t\t<\/div>\n\n\t\t\t\t\t<div class=\"post-content-meta\">\n\t\t\t\t\t\t\t\t<div>\n\t\t\t\t\tPosted in:  <a href=\"https:\/\/legaliaspain.com\/es\/category\/derecho-societario\/\" rel=\"category tag\">Derecho Societario<\/a>, <a href=\"https:\/\/legaliaspain.com\/es\/category\/negocios-en-espana\/\" rel=\"category tag\">Negocios en Espa\u00f1a<\/a>, <a href=\"https:\/\/legaliaspain.com\/es\/category\/startups-es\/\" rel=\"category tag\">Startups<\/a>\t\t\t\t<\/div>\n\t\t\t\t<div class=\"the-tags\">Tags: <a href=\"https:\/\/legaliaspain.com\/es\/tag\/invertir-en-espana\/\" rel=\"tag\">Invertir en Espa\u00f1a<\/a>, <a href=\"https:\/\/legaliaspain.com\/es\/tag\/nomadas-digitales\/\" rel=\"tag\">N\u00f3madas Digitales<\/a>, <a href=\"https:\/\/legaliaspain.com\/es\/tag\/startups\/\" rel=\"tag\">Startups<\/a>, <a href=\"https:\/\/legaliaspain.com\/es\/tag\/stock-options\/\" rel=\"tag\">Stock Options<\/a><\/div>\t\t\t<\/div>\n\t\t\t<\/div>\n\t<\/div>\n<\/div>\n\t\t\t<\/div>\n\t\t<\/div>\n\t\t<div class=\"page-content post-header grid-1-2 list-item post-14399 post type-post status-publish format-standard has-post-thumbnail hentry category-inmobiliario-en-espana category-impuestos-espana category-sucesiones-herencias tag-iivtnu tag-plusvalia tag-tc\" >\n\t\t\t<div>\n\t\t\t\t<div class=\"post-article has-image-wrapper \">\n\t<div class=\"standard-post-format clearfix as-image \">\n\t\t\t<div class=\"thumbnail\">\n\t\t\t\t\t<a href=\"https:\/\/legaliaspain.com\/es\/impuesto-plusvalia-inconstitucional-reclamar\/\" title=\"El Impuesto de la Plusval\u00eda Municipal Inconstitucional: \u00bfQui\u00e9n puede reclamar?\">\n\t\t\t\t<img loading=\"lazy\" decoding=\"async\" width=\"555\" height=\"426\" src=\"https:\/\/legaliaspain.com\/wp-content\/uploads\/2021\/11\/plusvaliaES-555x426.jpg\" class=\"attachment-post-small-2 size-post-small-2 wp-post-image\" alt=\"plusvalia impuesto\" srcset=\"https:\/\/legaliaspain.com\/wp-content\/uploads\/2021\/11\/plusvaliaES-555x426.jpg 555w, https:\/\/legaliaspain.com\/wp-content\/uploads\/2021\/11\/plusvaliaES-480x369.jpg 480w, https:\/\/legaliaspain.com\/wp-content\/uploads\/2021\/11\/plusvaliaES-1140x876.jpg 1140w, https:\/\/legaliaspain.com\/wp-content\/uploads\/2021\/11\/plusvaliaES-360x276.jpg 360w, https:\/\/legaliaspain.com\/wp-content\/uploads\/2021\/11\/plusvaliaES-262x201.jpg 262w\" sizes=\"auto, (min-width: 900px) 50vw, 100vw\" \/>\t\t\t\t<span class='icon shortcode theme  use-hover' style=''>&#58897;<\/span>\t\t\t<\/a>\n\t\t\t<\/div>\n\n\t<div class=\"post-content-wrapper\">\n\t\t<div class=\"post-actions-wrapper clearfix\">\n\t\t\t<div class=\"post-date date updated\">\n\t\t\t\t\t\t\t<\/div>\n\t\t\t\t\t\t\t\n\t\t\t\t\t\t\t\t\t<\/div>\n\n\t\t\t\t<header class=\"single\">\n\t\t\t<div class=\"content\">\n\t\t\t\t<h3>\n\t\t\t\t\t<a href=\"https:\/\/legaliaspain.com\/es\/impuesto-plusvalia-inconstitucional-reclamar\/\" title=\"El Impuesto de la Plusval\u00eda Municipal Inconstitucional: \u00bfQui\u00e9n puede reclamar?\" class=\"entry-title\">El Impuesto de la Plusval\u00eda Municipal Inconstitucional: \u00bfQui\u00e9n puede reclamar?<\/a>\n\t\t\t\t<\/h3>\n\t\t\t<\/div>\n\t\t<\/header>\n\t\n\t\t<div class=\"post-content-outer\">\n\t\t\t<p>El Tribunal Constitucional ha declarado inconstitucional el m\u00e9todo de c\u00e1lculo del impuesto de la plusval\u00eda municipal. \u00bfC\u00f3mo reclamar lo pagado?<\/p>\n\t\t<\/div>\n\n\t\t\t\t\t<div class=\"post-content-meta\">\n\t\t\t\t\t\t\t\t<div>\n\t\t\t\t\tPosted in:  <a href=\"https:\/\/legaliaspain.com\/es\/category\/inmobiliario-en-espana\/\" rel=\"category tag\">Sector Inmobiliario<\/a>, <a href=\"https:\/\/legaliaspain.com\/es\/category\/impuestos-espana\/\" rel=\"category tag\">Impuestos en Espa\u00f1a<\/a>, <a href=\"https:\/\/legaliaspain.com\/es\/category\/sucesiones-herencias\/\" rel=\"category tag\">Sucesiones y herencias en Espa\u00f1a<\/a>\t\t\t\t<\/div>\n\t\t\t\t<div class=\"the-tags\">Tags: <a href=\"https:\/\/legaliaspain.com\/es\/tag\/iivtnu\/\" rel=\"tag\">IIVTNU<\/a>, <a href=\"https:\/\/legaliaspain.com\/es\/tag\/plusvalia\/\" rel=\"tag\">Plusval\u00eda<\/a>, <a href=\"https:\/\/legaliaspain.com\/es\/tag\/tc\/\" rel=\"tag\">TC<\/a><\/div>\t\t\t<\/div>\n\t\t\t<\/div>\n\t<\/div>\n<\/div>\n\t\t\t<\/div>\n\t\t<\/div>\n\t\t<div class=\"page-content post-header grid-1-2 clearboth list-item post-14368 post type-post status-publish format-standard has-post-thumbnail hentry category-negocios-en-espana category-inmobiliario-en-espana tag-ingenieria tag-obras tag-rea-es\" >\n\t\t\t<div>\n\t\t\t\t<div class=\"post-article has-image-wrapper \">\n\t<div class=\"standard-post-format clearfix as-image \">\n\t\t\t<div class=\"thumbnail\">\n\t\t\t\t\t<a href=\"https:\/\/legaliaspain.com\/es\/registro-de-empresas-acreditadas-rea\/\" title=\"El Registro de Empresas Acreditadas (REA) en el \u00e1mbito de la construcci\u00f3n\">\n\t\t\t\t<img loading=\"lazy\" decoding=\"async\" width=\"555\" height=\"426\" src=\"https:\/\/legaliaspain.com\/wp-content\/uploads\/2021\/08\/REA-es-555x426.jpg\" class=\"attachment-post-small-2 size-post-small-2 wp-post-image\" alt=\"REA\" srcset=\"https:\/\/legaliaspain.com\/wp-content\/uploads\/2021\/08\/REA-es-555x426.jpg 555w, https:\/\/legaliaspain.com\/wp-content\/uploads\/2021\/08\/REA-es-480x369.jpg 480w, https:\/\/legaliaspain.com\/wp-content\/uploads\/2021\/08\/REA-es-1140x876.jpg 1140w, https:\/\/legaliaspain.com\/wp-content\/uploads\/2021\/08\/REA-es-360x276.jpg 360w, https:\/\/legaliaspain.com\/wp-content\/uploads\/2021\/08\/REA-es-262x201.jpg 262w\" sizes=\"auto, (min-width: 900px) 50vw, 100vw\" \/>\t\t\t\t<span class='icon shortcode theme  use-hover' style=''>&#58897;<\/span>\t\t\t<\/a>\n\t\t\t<\/div>\n\n\t<div class=\"post-content-wrapper\">\n\t\t<div class=\"post-actions-wrapper clearfix\">\n\t\t\t<div class=\"post-date date updated\">\n\t\t\t\t\t\t\t<\/div>\n\t\t\t\t\t\t\t\n\t\t\t\t\t\t\t\t\t<\/div>\n\n\t\t\t\t<header class=\"single\">\n\t\t\t<div class=\"content\">\n\t\t\t\t<h3>\n\t\t\t\t\t<a href=\"https:\/\/legaliaspain.com\/es\/registro-de-empresas-acreditadas-rea\/\" title=\"El Registro de Empresas Acreditadas (REA) en el \u00e1mbito de la construcci\u00f3n\" class=\"entry-title\">El Registro de Empresas Acreditadas (REA) en el \u00e1mbito de la construcci\u00f3n<\/a>\n\t\t\t\t<\/h3>\n\t\t\t<\/div>\n\t\t<\/header>\n\t\n\t\t<div class=\"post-content-outer\">\n\t\t\t<p>El Registro de Empresas Acreditadas es un registro de car\u00e1cter administrativo obligatorio para las empresas que trabajan en Espa\u00f1a en los sectores de la construcci\u00f3n y montaje. Inf\u00f3rmese de c\u00f3mo inscribirse.<\/p>\n\t\t<\/div>\n\n\t\t\t\t\t<div class=\"post-content-meta\">\n\t\t\t\t\t\t\t\t<div>\n\t\t\t\t\tPosted in:  <a href=\"https:\/\/legaliaspain.com\/es\/category\/negocios-en-espana\/\" rel=\"category tag\">Negocios en Espa\u00f1a<\/a>, <a href=\"https:\/\/legaliaspain.com\/es\/category\/inmobiliario-en-espana\/\" rel=\"category tag\">Sector Inmobiliario<\/a>\t\t\t\t<\/div>\n\t\t\t\t<div class=\"the-tags\">Tags: <a href=\"https:\/\/legaliaspain.com\/es\/tag\/ingenieria\/\" rel=\"tag\">Ingenier\u00eda<\/a>, <a href=\"https:\/\/legaliaspain.com\/es\/tag\/obras\/\" rel=\"tag\">Obras<\/a>, <a href=\"https:\/\/legaliaspain.com\/es\/tag\/rea-es\/\" rel=\"tag\">REA<\/a><\/div>\t\t\t<\/div>\n\t\t\t<\/div>\n\t<\/div>\n<\/div>\n\t\t\t<\/div>\n\t\t<\/div>\n\t\t<div class=\"page-content post-header grid-1-2 list-item post-14359 post type-post status-publish format-standard has-post-thumbnail hentry category-impuestos-espana category-negocios-en-espana tag-bitcoin-es tag-criptos tag-irpf-es\" >\n\t\t\t<div>\n\t\t\t\t<div class=\"post-article has-image-wrapper \">\n\t<div class=\"standard-post-format clearfix as-image \">\n\t\t\t<div class=\"thumbnail\">\n\t\t\t\t\t<a href=\"https:\/\/legaliaspain.com\/es\/como-incluir-bitcoin-y-criptos-en-la-declaracion-de-renta\/\" title=\"\u00bfC\u00f3mo incluir Bitcoin y criptos en la declaraci\u00f3n de renta?\">\n\t\t\t\t<img loading=\"lazy\" decoding=\"async\" width=\"555\" height=\"426\" src=\"https:\/\/legaliaspain.com\/wp-content\/uploads\/2021\/07\/bitcoinSPA-555x426.jpg\" class=\"attachment-post-small-2 size-post-small-2 wp-post-image\" alt=\"bitcoin\" srcset=\"https:\/\/legaliaspain.com\/wp-content\/uploads\/2021\/07\/bitcoinSPA-555x426.jpg 555w, https:\/\/legaliaspain.com\/wp-content\/uploads\/2021\/07\/bitcoinSPA-480x369.jpg 480w, https:\/\/legaliaspain.com\/wp-content\/uploads\/2021\/07\/bitcoinSPA-1140x876.jpg 1140w, https:\/\/legaliaspain.com\/wp-content\/uploads\/2021\/07\/bitcoinSPA-360x276.jpg 360w, https:\/\/legaliaspain.com\/wp-content\/uploads\/2021\/07\/bitcoinSPA-262x201.jpg 262w\" sizes=\"auto, (min-width: 900px) 50vw, 100vw\" \/>\t\t\t\t<span class='icon shortcode theme  use-hover' style=''>&#58897;<\/span>\t\t\t<\/a>\n\t\t\t<\/div>\n\n\t<div class=\"post-content-wrapper\">\n\t\t<div class=\"post-actions-wrapper clearfix\">\n\t\t\t<div class=\"post-date date updated\">\n\t\t\t\t\t\t\t<\/div>\n\t\t\t\t\t\t\t\n\t\t\t\t\t\t\t\t\t<\/div>\n\n\t\t\t\t<header class=\"single\">\n\t\t\t<div class=\"content\">\n\t\t\t\t<h3>\n\t\t\t\t\t<a href=\"https:\/\/legaliaspain.com\/es\/como-incluir-bitcoin-y-criptos-en-la-declaracion-de-renta\/\" title=\"\u00bfC\u00f3mo incluir Bitcoin y criptos en la declaraci\u00f3n de renta?\" class=\"entry-title\">\u00bfC\u00f3mo incluir Bitcoin y criptos en la declaraci\u00f3n de renta?<\/a>\n\t\t\t\t<\/h3>\n\t\t\t<\/div>\n\t\t<\/header>\n\t\n\t\t<div class=\"post-content-outer\">\n\t\t\t<p>Declarar Bitcoin y otras criptomonedas en la declaraci\u00f3n de IRPF puede ser controvertido. En este breve art\u00edculo arrojamos algo de luz sobre la cuesti\u00f3n.<\/p>\n\t\t<\/div>\n\n\t\t\t\t\t<div class=\"post-content-meta\">\n\t\t\t\t\t\t\t\t<div>\n\t\t\t\t\tPosted in:  <a href=\"https:\/\/legaliaspain.com\/es\/category\/impuestos-espana\/\" rel=\"category tag\">Impuestos en Espa\u00f1a<\/a>, <a href=\"https:\/\/legaliaspain.com\/es\/category\/negocios-en-espana\/\" rel=\"category tag\">Negocios en Espa\u00f1a<\/a>\t\t\t\t<\/div>\n\t\t\t\t<div class=\"the-tags\">Tags: <a href=\"https:\/\/legaliaspain.com\/es\/tag\/bitcoin-es\/\" rel=\"tag\">Bitcoin<\/a>, <a href=\"https:\/\/legaliaspain.com\/es\/tag\/criptos\/\" rel=\"tag\">Criptos<\/a>, <a href=\"https:\/\/legaliaspain.com\/es\/tag\/irpf-es\/\" rel=\"tag\">IRPF<\/a><\/div>\t\t\t<\/div>\n\t\t\t<\/div>\n\t<\/div>\n<\/div>\n\t\t\t<\/div>\n\t\t<\/div>\n\t\t<div class=\"page-content post-header grid-1-2 clearboth list-item post-14070 post type-post status-publish format-standard has-post-thumbnail hentry category-negocios-en-espana category-inmobiliario-en-espana tag-golden-visa tag-invest-in-spain\" >\n\t\t\t<div>\n\t\t\t\t<div class=\"post-article has-image-wrapper \">\n\t<div class=\"standard-post-format clearfix as-image \">\n\t\t\t<div class=\"thumbnail\">\n\t\t\t\t\t<a href=\"https:\/\/legaliaspain.com\/es\/golden-visa\/\" title=\"Golden Visa: \u00bfQu\u00e9 es y cu\u00e1les son sus requisitos?\">\n\t\t\t\t<img loading=\"lazy\" decoding=\"async\" width=\"555\" height=\"426\" src=\"https:\/\/legaliaspain.com\/wp-content\/uploads\/2021\/02\/Golden-visa-ES-555x426.jpg\" class=\"attachment-post-small-2 size-post-small-2 wp-post-image\" alt=\"golden_visa\" srcset=\"https:\/\/legaliaspain.com\/wp-content\/uploads\/2021\/02\/Golden-visa-ES-555x426.jpg 555w, https:\/\/legaliaspain.com\/wp-content\/uploads\/2021\/02\/Golden-visa-ES-480x369.jpg 480w, https:\/\/legaliaspain.com\/wp-content\/uploads\/2021\/02\/Golden-visa-ES-1140x876.jpg 1140w, https:\/\/legaliaspain.com\/wp-content\/uploads\/2021\/02\/Golden-visa-ES-360x276.jpg 360w, https:\/\/legaliaspain.com\/wp-content\/uploads\/2021\/02\/Golden-visa-ES-262x201.jpg 262w\" sizes=\"auto, (min-width: 900px) 50vw, 100vw\" \/>\t\t\t\t<span class='icon shortcode theme  use-hover' style=''>&#58897;<\/span>\t\t\t<\/a>\n\t\t\t<\/div>\n\n\t<div class=\"post-content-wrapper\">\n\t\t<div class=\"post-actions-wrapper clearfix\">\n\t\t\t<div class=\"post-date date updated\">\n\t\t\t\t\t\t\t<\/div>\n\t\t\t\t\t\t\t\n\t\t\t\t\t\t\t\t\t<\/div>\n\n\t\t\t\t<header class=\"single\">\n\t\t\t<div class=\"content\">\n\t\t\t\t<h3>\n\t\t\t\t\t<a href=\"https:\/\/legaliaspain.com\/es\/golden-visa\/\" title=\"Golden Visa: \u00bfQu\u00e9 es y cu\u00e1les son sus requisitos?\" class=\"entry-title\">Golden Visa: \u00bfQu\u00e9 es y cu\u00e1les son sus requisitos?<\/a>\n\t\t\t\t<\/h3>\n\t\t\t<\/div>\n\t\t<\/header>\n\t\n\t\t<div class=\"post-content-outer\">\n\t\t\t<p>La Golden Visa permite a los extranjeros no comunitarios (fuera de la UE) obtener la residencia en Espa\u00f1a invirtiendo en el pa\u00eds.<\/p>\n\t\t<\/div>\n\n\t\t\t\t\t<div class=\"post-content-meta\">\n\t\t\t\t\t\t\t\t<div>\n\t\t\t\t\tPosted in:  <a href=\"https:\/\/legaliaspain.com\/es\/category\/negocios-en-espana\/\" rel=\"category tag\">Negocios en Espa\u00f1a<\/a>, <a href=\"https:\/\/legaliaspain.com\/es\/category\/inmobiliario-en-espana\/\" rel=\"category tag\">Sector Inmobiliario<\/a>\t\t\t\t<\/div>\n\t\t\t\t<div class=\"the-tags\">Tags: <a href=\"https:\/\/legaliaspain.com\/es\/tag\/golden-visa\/\" rel=\"tag\">Golden Visa<\/a>, <a href=\"https:\/\/legaliaspain.com\/es\/tag\/invest-in-spain\/\" rel=\"tag\">Invest in Spain<\/a><\/div>\t\t\t<\/div>\n\t\t\t<\/div>\n\t<\/div>\n<\/div>\n\t\t\t<\/div>\n\t\t<\/div>\n\t\t<div class=\"page-content post-header grid-1-2 list-item post-14077 post type-post status-publish format-standard has-post-thumbnail hentry category-negocios-en-espana category-impuestos-espana tag-brexit tag-spain tag-uk\" >\n\t\t\t<div>\n\t\t\t\t<div class=\"post-article has-image-wrapper \">\n\t<div class=\"standard-post-format clearfix as-image \">\n\t\t\t<div class=\"thumbnail\">\n\t\t\t\t\t<a href=\"https:\/\/legaliaspain.com\/es\/brexit-en-espana\/\" title=\"Brexit en Espa\u00f1a: \u00bfCu\u00e1les son sus consecuencias?\">\n\t\t\t\t<img loading=\"lazy\" decoding=\"async\" width=\"555\" height=\"426\" src=\"https:\/\/legaliaspain.com\/wp-content\/uploads\/2021\/01\/brexitES-555x426.jpg\" class=\"attachment-post-small-2 size-post-small-2 wp-post-image\" alt=\"Brexit Spain\" srcset=\"https:\/\/legaliaspain.com\/wp-content\/uploads\/2021\/01\/brexitES-555x426.jpg 555w, https:\/\/legaliaspain.com\/wp-content\/uploads\/2021\/01\/brexitES-480x369.jpg 480w, https:\/\/legaliaspain.com\/wp-content\/uploads\/2021\/01\/brexitES-1140x876.jpg 1140w, https:\/\/legaliaspain.com\/wp-content\/uploads\/2021\/01\/brexitES-360x276.jpg 360w, https:\/\/legaliaspain.com\/wp-content\/uploads\/2021\/01\/brexitES-262x201.jpg 262w\" sizes=\"auto, (min-width: 900px) 50vw, 100vw\" \/>\t\t\t\t<span class='icon shortcode theme  use-hover' style=''>&#58897;<\/span>\t\t\t<\/a>\n\t\t\t<\/div>\n\n\t<div class=\"post-content-wrapper\">\n\t\t<div class=\"post-actions-wrapper clearfix\">\n\t\t\t<div class=\"post-date date updated\">\n\t\t\t\t\t\t\t<\/div>\n\t\t\t\t\t\t\t\n\t\t\t\t\t\t\t\t\t<\/div>\n\n\t\t\t\t<header class=\"single\">\n\t\t\t<div class=\"content\">\n\t\t\t\t<h3>\n\t\t\t\t\t<a href=\"https:\/\/legaliaspain.com\/es\/brexit-en-espana\/\" title=\"Brexit en Espa\u00f1a: \u00bfCu\u00e1les son sus consecuencias?\" class=\"entry-title\">Brexit en Espa\u00f1a: \u00bfCu\u00e1les son sus consecuencias?<\/a>\n\t\t\t\t<\/h3>\n\t\t\t<\/div>\n\t\t<\/header>\n\t\n\t\t<div class=\"post-content-outer\">\n\t\t\t<p>Con el acuerdo del Brexit, se aplicar\u00e1n nuevas normas a los ciudadanos brit\u00e1nicos que viajen, realicen negocios o residan en Espa\u00f1a. Averig\u00fce c\u00f3mo puede afectar esto a cualquiera de sus intereses.<\/p>\n\t\t<\/div>\n\n\t\t\t\t\t<div class=\"post-content-meta\">\n\t\t\t\t\t\t\t\t<div>\n\t\t\t\t\tPosted in:  <a href=\"https:\/\/legaliaspain.com\/es\/category\/negocios-en-espana\/\" rel=\"category tag\">Negocios en Espa\u00f1a<\/a>, <a href=\"https:\/\/legaliaspain.com\/es\/category\/impuestos-espana\/\" rel=\"category tag\">Impuestos en Espa\u00f1a<\/a>\t\t\t\t<\/div>\n\t\t\t\t<div class=\"the-tags\">Tags: <a href=\"https:\/\/legaliaspain.com\/es\/tag\/brexit\/\" rel=\"tag\">Brexit<\/a>, <a href=\"https:\/\/legaliaspain.com\/es\/tag\/spain\/\" rel=\"tag\">Spain<\/a>, <a href=\"https:\/\/legaliaspain.com\/es\/tag\/uk\/\" rel=\"tag\">UK<\/a><\/div>\t\t\t<\/div>\n\t\t\t<\/div>\n\t<\/div>\n<\/div>\n\t\t\t<\/div>\n\t\t<\/div>\n<\/div>\n\n<div class=\"wp-pagenavi\"><span class=\"pages\">Page 1 of 2<\/span><span aria-current=\"page\" class=\"page-numbers current\">1<\/span>\n<a class=\"page-numbers\" href=\"https:\/\/legaliaspain.com\/es\/wp-json\/wp\/v2\/pages\/14046\/page\/2\/\">2<\/a>\n<a class=\"next page-numbers\" href=\"https:\/\/legaliaspain.com\/es\/wp-json\/wp\/v2\/pages\/14046\/page\/2\/\">Next<\/a><\/div><\/div><\/div>\n","protected":false},"excerpt":{"rendered":"<p>l pasado 1 de enero de 2021 entr\u00f3 en vigor el acuerdo del Brexit. Este nuevo acuerdo implica cambios para los brit\u00e1nicos que residan, viajen o lleven a cabo actividades econ\u00f3micas en Espa\u00f1a. El acuerdo firmado entre el Reino Unido y la Uni\u00f3n Europea el 24 de diciembre de 2020 puso fin al indeseado escenario&#8230;<\/p>\n","protected":false},"author":1,"featured_media":0,"parent":0,"menu_order":0,"comment_status":"closed","ping_status":"closed","template":"","meta":{"inline_featured_image":false,"footnotes":""},"class_list":["post-14046","page","type-page","status-publish","hentry"],"_links":{"self":[{"href":"https:\/\/legaliaspain.com\/es\/wp-json\/wp\/v2\/pages\/14046","targetHints":{"allow":["GET"]}}],"collection":[{"href":"https:\/\/legaliaspain.com\/es\/wp-json\/wp\/v2\/pages"}],"about":[{"href":"https:\/\/legaliaspain.com\/es\/wp-json\/wp\/v2\/types\/page"}],"author":[{"embeddable":true,"href":"https:\/\/legaliaspain.com\/es\/wp-json\/wp\/v2\/users\/1"}],"replies":[{"embeddable":true,"href":"https:\/\/legaliaspain.com\/es\/wp-json\/wp\/v2\/comments?post=14046"}],"version-history":[{"count":1,"href":"https:\/\/legaliaspain.com\/es\/wp-json\/wp\/v2\/pages\/14046\/revisions"}],"predecessor-version":[{"id":14121,"href":"https:\/\/legaliaspain.com\/es\/wp-json\/wp\/v2\/pages\/14046\/revisions\/14121"}],"wp:attachment":[{"href":"https:\/\/legaliaspain.com\/es\/wp-json\/wp\/v2\/media?parent=14046"}],"curies":[{"name":"wp","href":"https:\/\/api.w.org\/{rel}","templated":true}]}}