{"id":14047,"date":"2020-12-31T18:03:34","date_gmt":"2020-12-31T18:03:34","guid":{"rendered":"https:\/\/legaliaspain.com\/branch-office-registration-in-spain\/"},"modified":"2021-04-25T21:11:49","modified_gmt":"2021-04-25T21:11:49","slug":"registro-sucursales-espana","status":"publish","type":"page","link":"https:\/\/legaliaspain.com\/es\/registro-sucursales-espana\/","title":{"rendered":"Registro de sucursales extranjeras en Espa\u00f1a"},"content":{"rendered":"<div class=\"row \"><div class=\"wpv-grid grid-1-1  wpv-first-level first has-background extended\" style=\"\n\t\t\t\tbackground: url( 'https:\/\/legaliaspain.com\/wp-content\/uploads\/2020\/11\/fondolandingcompany-e1606252661828.jpg' ) no-repeat ;\n\t\t\t\tbackground-size: cover;\n\t\t\tbackground-attachment: fixed;padding-top:10px;padding-bottom:50px\" id=\"wpv-column-dcf33632fd5d98cdeacf2dcf1b4998ca\" ><div class=\"extended-column-inner\"><div class=\"push\" style='height:100px'><\/div>\n<div class=\"row \"><div class=\"wpv-grid grid-2-3  first unextended\" style=\"padding-top:0px;padding-bottom:0px\" id=\"wpv-column-5840709e3539ace0580c006d884f9af6\" ><div class=\"row \"><div class=\"wpv-grid grid-1-1  first unextended\" style=\"padding-top:0px;padding-bottom:0px\" id=\"wpv-column-8991046974595952cb56fd915670ba30\" ><h2><span style=\"color: #ffffff;\"><span class='dropcap1 '>R<\/span> egistro de sucursales extranjeras en Espa\u00f1a<\/span><\/h2>\n<p><span style=\"color: #ffffff;\">A la hora de desarrollar una actividad empresarial en Espa\u00f1a registrar una sucursal extranjera puede ser una buena opci\u00f3n. En Legaliaspain podemos asistirle durante el proceso.<\/span><\/p>\n<p><span style=\"color: #ffffff;\"><strong><span class='icon shortcode   use-hover' style='font-size:19px !important;'>&#57946;<\/span> Registro e inscripci\u00f3n de sucursales y oficinas de representaci\u00f3n extranjeras en Espa\u00f1a<\/strong><\/span><\/p>\n<p><span style=\"color: #ffffff;\"><strong><span class='icon shortcode   use-hover' style='font-size:19px !important;'>&#57946;<\/span> Asesor\u00eda legal para sucursales extranjeras y oficinas de representaci\u00f3n en Espa\u00f1a<br \/>\n<\/strong><\/span><\/p>\n<p><span style=\"color: #ffffff;\"><strong><span class='icon shortcode   use-hover' style='font-size:19px !important;'>&#57946;<\/span> Asesor\u00eda tributaria, llevanza de contabilidad y n\u00f3minas para sucursales y oficinas de representaci\u00f3n<\/strong><\/span><\/p>\n<p><span style=\"color: #ffffff;\"><strong><span class='icon shortcode   use-hover' style='font-size:19px !important;'>&#57946;<\/span> Registro, inscripci\u00f3n as\u00ed como otros tr\u00e1mites (apertura de cuenta bancaria, representaci\u00f3n fiscal, etc.)<\/strong><\/span><\/p>\n<p><strong><span style=\"color: #ffffff;\"><span class='icon shortcode   use-hover' style='font-size:19px !important;'>&#57946;<\/span> Asesoramiento implementando estructuras extranjeras en Espa\u00f1a<\/span><br \/>\n<\/strong><\/div><\/div><\/div>\n<div class=\"wpv-grid grid-1-3  has-background unextended\" style=\"background-color:#e8e8e8;padding-top:0px;padding-bottom:0px\" id=\"wpv-column-009ebac4507c99c2db64370c3667084c\" ><style>#wpv-column-009ebac4507c99c2db64370c3667084c p,#wpv-column-009ebac4507c99c2db64370c3667084c em,#wpv-column-009ebac4507c99c2db64370c3667084c .column-title,#wpv-column-009ebac4507c99c2db64370c3667084c .sep-text h2.regular-title-wrapper,#wpv-column-009ebac4507c99c2db64370c3667084c .text-divider-double,#wpv-column-009ebac4507c99c2db64370c3667084c .sep-text .sep-text-line,#wpv-column-009ebac4507c99c2db64370c3667084c .sep,#wpv-column-009ebac4507c99c2db64370c3667084c .sep-2,#wpv-column-009ebac4507c99c2db64370c3667084c .sep-3,#wpv-column-009ebac4507c99c2db64370c3667084c td,#wpv-column-009ebac4507c99c2db64370c3667084c th,#wpv-column-009ebac4507c99c2db64370c3667084c caption{color:#696969;}#wpv-column-009ebac4507c99c2db64370c3667084c:before{background-color:transparent;}<\/style><div class=\"row \"><div class=\"wpv-grid grid-1-1  first unextended\" style=\"padding-top:0px;padding-bottom:0px\" id=\"wpv-column-5cd1950ff4d261d764f97a91af90fdcf\" ><table>\n<tbody>\n<tr>\n<td width=\"288\">\n<h4>Escanea este c\u00f3digo QR para iniciar un chat de Whatsapp<\/h4>\n<\/td>\n<td width=\"288\"><img loading=\"lazy\" decoding=\"async\" class=\"wp-image-13102 alignright\" src=\"https:\/\/legaliaspain.com\/wp-content\/uploads\/2020\/10\/QR-Whatsapp.png\" alt=\"\" width=\"111\" height=\"111\" srcset=\"https:\/\/legaliaspain.com\/wp-content\/uploads\/2020\/10\/QR-Whatsapp.png 111w, https:\/\/legaliaspain.com\/wp-content\/uploads\/2020\/10\/QR-Whatsapp-60x60.png 60w\" sizes=\"auto, (max-width: 111px) 100vw, 111px\" \/><\/td>\n<\/tr>\n<\/tbody>\n<\/table><\/div><\/div>\n<div class=\"row \"><div class=\"wpv-grid grid-1-1  first unextended\" style=\"padding-top:0px;padding-bottom:0px\" id=\"wpv-column-05234c8e9b0abefe00aa115ea9bdf711\" ><p>\n<div class=\"wpcf7 no-js\" id=\"wpcf7-f14269-o1\" lang=\"en-US\" dir=\"ltr\" data-wpcf7-id=\"14269\">\n<div class=\"screen-reader-response\"><p role=\"status\" aria-live=\"polite\" aria-atomic=\"true\"><\/p> <ul><\/ul><\/div>\n<form action=\"\/es\/wp-json\/wp\/v2\/pages\/14047#wpcf7-f14269-o1\" method=\"post\" class=\"wpcf7-form init\" aria-label=\"Contact form\" novalidate=\"novalidate\" data-status=\"init\">\n<fieldset class=\"hidden-fields-container\"><input type=\"hidden\" name=\"_wpcf7\" value=\"14269\" \/><input type=\"hidden\" name=\"_wpcf7_version\" value=\"6.1.5\" \/><input type=\"hidden\" name=\"_wpcf7_locale\" value=\"en_US\" \/><input type=\"hidden\" name=\"_wpcf7_unit_tag\" value=\"wpcf7-f14269-o1\" \/><input type=\"hidden\" name=\"_wpcf7_container_post\" value=\"0\" \/><input type=\"hidden\" name=\"_wpcf7_posted_data_hash\" value=\"\" \/>\n<\/fieldset>\n<p><span class=\"wpcf7-form-control-wrap\" data-name=\"text-377\"><input size=\"40\" maxlength=\"400\" class=\"wpcf7-form-control wpcf7-text\" aria-invalid=\"false\" placeholder=\"Su nombre\" value=\"\" type=\"text\" name=\"text-377\" \/><\/span><br \/>\n<span class=\"wpcf7-form-control-wrap\" data-name=\"email-241\"><input size=\"40\" maxlength=\"400\" class=\"wpcf7-form-control wpcf7-email wpcf7-validates-as-required wpcf7-text wpcf7-validates-as-email\" aria-required=\"true\" aria-invalid=\"false\" placeholder=\"Su direcci\u00f3n de email\" value=\"\" type=\"email\" name=\"email-241\" \/><\/span><br \/>\n<span class=\"wpcf7-form-control-wrap\" data-name=\"tel-22\"><input size=\"40\" maxlength=\"400\" class=\"wpcf7-form-control wpcf7-tel wpcf7-text wpcf7-validates-as-tel\" aria-invalid=\"false\" placeholder=\"Su n\u00famero de tel\u00e9fono\" value=\"\" type=\"tel\" name=\"tel-22\" \/><\/span><br \/>\n<span class=\"wpcf7-form-control-wrap\" data-name=\"textarea-751\"><textarea cols=\"40\" rows=\"10\" maxlength=\"2000\" class=\"wpcf7-form-control wpcf7-textarea wpcf7-validates-as-required\" aria-required=\"true\" aria-invalid=\"false\" placeholder=\"Su mensaje\" name=\"textarea-751\"><\/textarea><\/span><br \/>\n<span class=\"wpcf7-form-control-wrap\" data-name=\"acceptance-569\"><span class=\"wpcf7-form-control wpcf7-acceptance\"><span class=\"wpcf7-list-item\"><label><input type=\"checkbox\" name=\"acceptance-569\" value=\"1\" aria-invalid=\"false\" \/><span class=\"wpcf7-list-item-label\">Acepto la <a href=\"https:\/\/legaliaspain.com\/privacy-policy\/\" target=\"_blank\" rel=\"noopener noreferrer\">pol\u00edtica de privacidad<\/a><\/span><\/label><\/span><\/span><\/span>\n<\/p>\n<p><input class=\"wpcf7-form-control wpcf7-submit has-spinner\" type=\"submit\" value=\"ENVIAR\" \/>\n<\/p><div class=\"wpcf7-response-output\" aria-hidden=\"true\"><\/div>\n<\/form>\n<\/div>\n<\/div><\/div><\/div><\/div><\/div><\/div><\/div>\n<div class=\"row \"><div class=\"wpv-grid grid-1-1  wpv-first-level first has-background extended\" style=\"background-color:#efefef;padding-top:0px;padding-bottom:0px\" id=\"wpv-column-12c62b82129b02840a29651276001fd5\" ><div class=\"extended-column-inner\"><style>#wpv-column-12c62b82129b02840a29651276001fd5 p,#wpv-column-12c62b82129b02840a29651276001fd5 em,#wpv-column-12c62b82129b02840a29651276001fd5 .column-title,#wpv-column-12c62b82129b02840a29651276001fd5 .sep-text h2.regular-title-wrapper,#wpv-column-12c62b82129b02840a29651276001fd5 .text-divider-double,#wpv-column-12c62b82129b02840a29651276001fd5 .sep-text .sep-text-line,#wpv-column-12c62b82129b02840a29651276001fd5 .sep,#wpv-column-12c62b82129b02840a29651276001fd5 .sep-2,#wpv-column-12c62b82129b02840a29651276001fd5 .sep-3,#wpv-column-12c62b82129b02840a29651276001fd5 td,#wpv-column-12c62b82129b02840a29651276001fd5 th,#wpv-column-12c62b82129b02840a29651276001fd5 caption{color:#707070;}#wpv-column-12c62b82129b02840a29651276001fd5:before{background-color:transparent;}<\/style><div class=\"row \"><div class=\"wpv-grid grid-1-1  first unextended\" style=\"padding-top:0px;padding-bottom:0px\" id=\"wpv-column-22a31791b349397f6411a4a22c381a49\" ><div class=\"row \"><div class=\"wpv-grid grid-1-1  first unextended\" style=\"padding-top:0px;padding-bottom:0px\" id=\"wpv-column-371f08ee5645c7420c7cf24c57f118dc\" ><div class=\"row \"><div class=\"wpv-grid grid-1-1  first unextended\" style=\"padding-top:0px;padding-bottom:0px\" id=\"wpv-column-55d9b936c693a9f2eddb3a5cecec0b7d\" ><h1 style=\"text-align: center;\"><span style=\"color: #c84134;\">Registro de sucursales en Espa\u00f1a<\/span><\/h1>\n<hr \/>\n<p style=\"text-align: justify;\"><span style=\"color: #000000;\">Dentro del espectro de entidades legales disponibles en Espa\u00f1a para operar o invertir, el establecimiento de una sucursal extranjera u oficina de representaci\u00f3n en Espa\u00f1a es una opci\u00f3n de acceder al mercado con todas las garant\u00edas. A menudo confundida con la sociedad filial, la sucursal <strong>no es una entidad separada de su sociedad matriz sino una extensi\u00f3n de la misma<\/strong>.<br \/>\n<\/span><\/p>\n<p><span style=\"color: #000000;\">En el siguiente cuadro encontramos las <strong>diferencias<\/strong> entre la sociedad filial y la sucursal (<a href=\"https:\/\/legaliaspain.com\/wp-content\/uploads\/2020\/12\/Subsidiary-Company.pdf\" target=\"_blank\" rel=\"noopener\">LINK<\/a>).<\/span><\/p>\n<p style=\"text-align: justify;\"><span style=\"color: #000000;\">Las sucursales extranjeras y oficinas de representaci\u00f3n en Espa\u00f1a tienen requisitos de incorporaci\u00f3n similares a los del resto de sociedades de capital tales como la sociedad an\u00f3nima o limitada.<\/span><\/p>\n<hr \/>\n<p style=\"text-align: justify;\"><span style=\"color: #000000;\">Algunas <strong>caracter\u00edsticas<\/strong> de la sucursal extranjera en Espa\u00f1a son:<\/span><\/p>\n<ul style=\"text-align: justify;\">\n<li><span style=\"color: #000000;\">Deben nombrar a un <strong>representante legal en Espa\u00f1a<\/strong> quien actuar\u00e1 como director general o gerente;<\/span><\/li>\n<li><span style=\"color: #000000;\">Su constituci\u00f3n se documenta en <strong>escritura p\u00fablica notarial en Espa\u00f1a<\/strong>;<\/span><\/li>\n<li><span style=\"color: #000000;\">Deben <strong>registrarse en el registro mercantil correspondiente<\/strong> de forma obligatoria;<\/span><\/li>\n<li><span style=\"color: #000000;\">En la constituci\u00f3n deben identificar al <strong>titular real beneficiario<\/strong> de la sociedad;<\/span><\/li>\n<li><span style=\"color: #000000;\">Para la obtenci\u00f3n de un <strong>n\u00famero CIF Espa\u00f1ol<\/strong> las sucursales deber\u00e1n registrarse en la Agencia Tributaria Espa\u00f1ola.<\/span><\/li>\n<\/ul>\n<hr \/>\n<p style=\"text-align: justify;\"><span style=\"color: #000000;\">Existen, no obstante, algunas <strong>diferencias<\/strong> tambi\u00e9n:<\/span><\/p>\n<ul>\n<li style=\"text-align: justify;\"><span style=\"color: #000000;\"><strong>No necesitan capital social <\/strong>para su registro;<\/span><\/li>\n<li style=\"text-align: justify;\"><span style=\"color: #000000;\"><strong>No<\/strong> necesitan <strong>estatutos o escritura de constituci\u00f3n. <\/strong>En su lugar un certificado de incorporaci\u00f3n de la sociedad matriz traducido al espa\u00f1ol, notarizado y apostillado ser\u00e1 suficiente para su registro;<\/span><\/li>\n<li style=\"text-align: justify;\"><span style=\"color: #000000;\"><strong>No<\/strong> deber\u00e1n obtener una <strong>denominaci\u00f3n social<\/strong> en Espa\u00f1a, ya que la sucursal se registra bajo el nombre de la sociedad matriz seguido de sucursal en Espa\u00f1a<em>.<\/em><\/span><\/li>\n<\/ul>\n<hr \/>\n<p style=\"text-align: justify;\"><span style=\"color: #000000;\">La sucursal en Espa\u00f1a, como se puede ver, es una entidad con un estatus muy particular que, en cierta manera, se asemeja al de las sociedades de capital (sociedad an\u00f3nima o limitada), salvo por el hecho que <strong>no tiene una personalidad jur\u00eddica propia<\/strong>.\u00a0 Dado que para su constituci\u00f3n necesitan inscripci\u00f3n en el registro mercantil, est\u00e1n sujetas al mismo r\u00e9gimen tributario que las sociedades de capital y deben nombrar a un representante legal en Espa\u00f1a, no son muy habituales en el tr\u00e1fico mercantil en Espa\u00f1a.<\/span><\/p>\n<p style=\"text-align: justify;\"><span style=\"color: #000000;\">Pese a todo la sucursal sigue siendo una <strong>buena opci\u00f3n<\/strong> cuando, por ejemplo, una sociedad extranjera quiere desarrollar una actividad empresarial en Espa\u00f1a durante un periodo de tiempo limitado <strong>sin la intenci\u00f3n de diseminar o ampliar su estructura<\/strong> y manteniendo la toma de decisiones <strong>dentro del \u00e1mbito de la sociedad matriz<\/strong>.\u00a0<\/span><\/p>\n<p style=\"text-align: justify;\"><span style=\"color: #000000;\">Consulte con los abogados y asesores fiscales de Legaliaspain c\u00f3mo una sucursal le puede ser de utilidad para vehicular su actividad empresarial en Espa\u00f1a.<\/span><\/div><\/div><\/div><\/div>\n<div class=\"row \"><div class=\"wpv-grid grid-1-1  first has-background extended\" style=\"background-color:#efefef;padding-top:10px;padding-bottom:50px\" id=\"wpv-column-6a6d88f73ddcef6963004ec4a9015632\" ><div class=\"extended-column-inner\"><style>#wpv-column-6a6d88f73ddcef6963004ec4a9015632 p,#wpv-column-6a6d88f73ddcef6963004ec4a9015632 em,#wpv-column-6a6d88f73ddcef6963004ec4a9015632 .column-title,#wpv-column-6a6d88f73ddcef6963004ec4a9015632 .sep-text h2.regular-title-wrapper,#wpv-column-6a6d88f73ddcef6963004ec4a9015632 .text-divider-double,#wpv-column-6a6d88f73ddcef6963004ec4a9015632 .sep-text .sep-text-line,#wpv-column-6a6d88f73ddcef6963004ec4a9015632 .sep,#wpv-column-6a6d88f73ddcef6963004ec4a9015632 .sep-2,#wpv-column-6a6d88f73ddcef6963004ec4a9015632 .sep-3,#wpv-column-6a6d88f73ddcef6963004ec4a9015632 td,#wpv-column-6a6d88f73ddcef6963004ec4a9015632 th,#wpv-column-6a6d88f73ddcef6963004ec4a9015632 caption{color:#707070;}#wpv-column-6a6d88f73ddcef6963004ec4a9015632:before{background-color:transparent;}<\/style><div class=\"row \"><div class=\"wpv-grid grid-1-1  first unextended\" style=\"padding-top:0px;padding-bottom:0px\" id=\"wpv-column-397815e9e66601851a1ed96a1fc37830\" ><div class=\"row \"><div class=\"wpv-grid grid-1-1  first unextended\" style=\"padding-top:0px;padding-bottom:0px\" id=\"wpv-column-193f674c53b049b33fe5444d7eabce67\" ><h2 style=\"text-align: center;\"><span style=\"color: #c84134;\">\u00bfPor qu\u00e9 escoger Legaliaspain para registrar una sucursal en Espa\u00f1a?<\/span><\/h2>\n<hr \/><\/div><\/div><\/div><\/div>\n<div class=\"row \"><div class=\"wpv-grid grid-1-3  first has-background unextended\" style=\"\n\t\t\t\tbackground: url( 'https:\/\/legaliaspain.com\/wp-content\/uploads\/2020\/08\/staircase-600468_640.jpg' )  ;\n\t\t\t\tbackground-size: cover;\n\t\t\tpadding-top:0px;padding-bottom:0px\" id=\"wpv-column-ca3000f50e98a670880b2149c5408085\" ><\/div>\n<div class=\"wpv-grid grid-2-3  unextended\" style=\"padding-top:0px;padding-bottom:0px\" id=\"wpv-column-49e20ed0fa233d2df20ff9618f3a657b\" ><div class=\"row \"><div class=\"wpv-grid grid-1-1  first unextended\" style=\"padding-top:0px;padding-bottom:0px\" id=\"wpv-column-8b58b5db577e000d580120e00bdb7a08\" ><ul>\n<li><span style=\"color: #000000;\">Abogados y asesores fiscales a su disposici\u00f3n en cualquier momento y en su propio idioma<\/span><\/li>\n<li><span style=\"color: #000000;\">Representaci\u00f3n a distancia mediante poder notarial<br \/>\n<\/span><\/li>\n<li><span style=\"color: #000000;\">Solo abogados y asesores fiscales registrados trabajando en su caso<\/span><\/li>\n<li><span style=\"color: #000000;\">Asistencia en diferentes \u00e1reas del derecho: societario, procesal, inmobiliario, sucesiones, etc.<br \/>\n<\/span><\/li>\n<li><span style=\"color: #000000;\">M\u00e1s de una d\u00e9cada de experiencia habiendo registrado m\u00e1s de un centenar de entidades extranjeras en Espa\u00f1a<\/span><\/li>\n<\/ul><\/div><\/div><\/div><\/div><\/div><\/div><\/div>\n<div class=\"row \"><div class=\"wpv-grid grid-1-1  first has-background extended\" style=\"background-color:#efefef;padding-top:0px;padding-bottom:0px\" id=\"wpv-column-987667039ad17c76d99f0765aaff68b9\" ><div class=\"extended-column-inner\"><style>#wpv-column-987667039ad17c76d99f0765aaff68b9 p,#wpv-column-987667039ad17c76d99f0765aaff68b9 em,#wpv-column-987667039ad17c76d99f0765aaff68b9 .column-title,#wpv-column-987667039ad17c76d99f0765aaff68b9 .sep-text h2.regular-title-wrapper,#wpv-column-987667039ad17c76d99f0765aaff68b9 .text-divider-double,#wpv-column-987667039ad17c76d99f0765aaff68b9 .sep-text .sep-text-line,#wpv-column-987667039ad17c76d99f0765aaff68b9 .sep,#wpv-column-987667039ad17c76d99f0765aaff68b9 .sep-2,#wpv-column-987667039ad17c76d99f0765aaff68b9 .sep-3,#wpv-column-987667039ad17c76d99f0765aaff68b9 td,#wpv-column-987667039ad17c76d99f0765aaff68b9 th,#wpv-column-987667039ad17c76d99f0765aaff68b9 caption{color:#707070;}#wpv-column-987667039ad17c76d99f0765aaff68b9:before{background-color:transparent;}<\/style><div class=\"row \"><div class=\"wpv-grid grid-1-1  first unextended\" style=\"padding-top:0px;padding-bottom:0px\" id=\"wpv-column-cd39131471d86506ce2234481b60206f\" ><h2 style=\"text-align: center;\"><span style=\"color: #c84134;\">\u00bfQu\u00e9 dicen de nosotros nuestros clientes?<\/span><\/h2>\n<hr \/>\n<blockquote><p><span style=\"color: #000000;\">Contar con los profesionales de Legaliaspain fue una excelente decisi\u00f3n para nuestro proyecto. Cumplieron con creces nuestras expectativas, nos facilitaron toda la informaci\u00f3n necesaria a cada momento y se han convertido en un miembro m\u00e1s de nuestro equipo.<\/span><\/p><\/blockquote>\n<h5>Feras Hosni &#8211; <span style=\"color: #c84134;\">Inversor y director general de Libanou Management SL<\/span><\/h5>\n<div class=\"push\" style='height:30px'><\/div><\/div><\/div><\/div><\/div><\/div><\/div><\/div><\/div><\/div><\/div>\n","protected":false},"excerpt":{"rendered":"<p>egistro de sucursales extranjeras en Espa\u00f1a A la hora de desarrollar una actividad empresarial en Espa\u00f1a registrar una sucursal extranjera puede ser una buena opci\u00f3n. En Legaliaspain podemos asistirle durante el proceso. Registro e inscripci\u00f3n de sucursales y oficinas de representaci\u00f3n extranjeras en Espa\u00f1a Asesor\u00eda legal para sucursales extranjeras y oficinas de representaci\u00f3n en Espa\u00f1a&#8230;<\/p>\n","protected":false},"author":1,"featured_media":0,"parent":0,"menu_order":0,"comment_status":"closed","ping_status":"closed","template":"","meta":{"inline_featured_image":false,"footnotes":""},"class_list":["post-14047","page","type-page","status-publish","hentry"],"_links":{"self":[{"href":"https:\/\/legaliaspain.com\/es\/wp-json\/wp\/v2\/pages\/14047","targetHints":{"allow":["GET"]}}],"collection":[{"href":"https:\/\/legaliaspain.com\/es\/wp-json\/wp\/v2\/pages"}],"about":[{"href":"https:\/\/legaliaspain.com\/es\/wp-json\/wp\/v2\/types\/page"}],"author":[{"embeddable":true,"href":"https:\/\/legaliaspain.com\/es\/wp-json\/wp\/v2\/users\/1"}],"replies":[{"embeddable":true,"href":"https:\/\/legaliaspain.com\/es\/wp-json\/wp\/v2\/comments?post=14047"}],"version-history":[{"count":11,"href":"https:\/\/legaliaspain.com\/es\/wp-json\/wp\/v2\/pages\/14047\/revisions"}],"predecessor-version":[{"id":14276,"href":"https:\/\/legaliaspain.com\/es\/wp-json\/wp\/v2\/pages\/14047\/revisions\/14276"}],"wp:attachment":[{"href":"https:\/\/legaliaspain.com\/es\/wp-json\/wp\/v2\/media?parent=14047"}],"curies":[{"name":"wp","href":"https:\/\/api.w.org\/{rel}","templated":true}]}}