{"id":14048,"date":"2020-07-08T21:21:13","date_gmt":"2020-07-08T21:21:13","guid":{"rendered":"https:\/\/legaliaspain.com\/contact-us\/"},"modified":"2021-04-25T20:57:36","modified_gmt":"2021-04-25T20:57:36","slug":"contacto","status":"publish","type":"page","link":"https:\/\/legaliaspain.com\/es\/contacto\/","title":{"rendered":"Cont\u00e1ctenos"},"content":{"rendered":"<h1 style=\"text-align: center;\"><span style=\"color: #c84134;\">Contacte con Legaliaspain<\/span><\/h1>\n<div class=\"row \"><div class=\"wpv-grid grid-1-1  wpv-first-level first unextended\" style=\"padding-top:0px;padding-bottom:0px\" id=\"wpv-column-88f14cd69ea4ce1b2e18647dd4183f08\" ><div class=\"row \"><div class=\"wpv-grid grid-1-1  first unextended\" style=\"padding-top:0px;padding-bottom:0px\" id=\"wpv-column-b0eeaf33cd9573c48c68ec10020ece4e\" ><p style=\"text-align: justify;\">Nuestro equipo de abogados y asesores fiscales son todo o\u00eddos. Estaremos encantados de hablar con usted y, si fuera el caso, trabajar en su caso.<\/p>\n<p style=\"text-align: justify;\">Nuestras l\u00edneas est\u00e1n abiertas de <strong>8:30h a 19:30h<\/strong> <strong>CET\u00a0<\/strong>y durante esas horas le responderemos en cuesti\u00f3n de minutos. Puede usted usar el formulario a continuaci\u00f3n, escribirnos un email a info@legaliaspain.com o incluso un whatsapp para una <strong>consulta gratuita<\/strong>.<\/div><\/div><\/div><\/div>\n<div class=\"row \"><div class=\"wpv-grid grid-1-6  wpv-first-level first unextended\" style=\"padding-top:0px;padding-bottom:0px\" id=\"wpv-column-c636b9fbb05d448e70fb5c2774b9155b\" ><div class=\"push\" style='height:30px'><\/div><\/div>\n<div class=\"wpv-grid grid-2-3  wpv-first-level has-background unextended\" style=\"background-color:#efefef;padding-top:0px;padding-bottom:0px\" id=\"wpv-column-1902ba4dfd6c3c8d4d38782af2b30419\" ><style>#wpv-column-1902ba4dfd6c3c8d4d38782af2b30419 p,#wpv-column-1902ba4dfd6c3c8d4d38782af2b30419 em,#wpv-column-1902ba4dfd6c3c8d4d38782af2b30419 .column-title,#wpv-column-1902ba4dfd6c3c8d4d38782af2b30419 .sep-text h2.regular-title-wrapper,#wpv-column-1902ba4dfd6c3c8d4d38782af2b30419 .text-divider-double,#wpv-column-1902ba4dfd6c3c8d4d38782af2b30419 .sep-text .sep-text-line,#wpv-column-1902ba4dfd6c3c8d4d38782af2b30419 .sep,#wpv-column-1902ba4dfd6c3c8d4d38782af2b30419 .sep-2,#wpv-column-1902ba4dfd6c3c8d4d38782af2b30419 .sep-3,#wpv-column-1902ba4dfd6c3c8d4d38782af2b30419 td,#wpv-column-1902ba4dfd6c3c8d4d38782af2b30419 th,#wpv-column-1902ba4dfd6c3c8d4d38782af2b30419 caption{color:#707070;}#wpv-column-1902ba4dfd6c3c8d4d38782af2b30419:before{background-color:transparent;}<\/style><div class=\"row \"><div class=\"wpv-grid grid-1-1  first unextended\" style=\"padding-top:0px;padding-bottom:0px\" id=\"wpv-column-37b1977151d718412a280d6202fde09b\" ><table>\n<tbody>\n<tr>\n<td style=\"text-align: center;\" width=\"288\"><span style=\"color: #000000;\">Escanee el siguiente c\u00f3digo QR para iniciar un chat de whatsapp con nosotros<\/span><\/td>\n<td style=\"text-align: center;\" width=\"288\"><span style=\"color: #000000;\"><img loading=\"lazy\" decoding=\"async\" class=\"wp-image-13102 alignright\" src=\"https:\/\/legaliaspain.com\/wp-content\/uploads\/2020\/10\/QR-Whatsapp.png\" alt=\"\" width=\"111\" height=\"111\" srcset=\"https:\/\/legaliaspain.com\/wp-content\/uploads\/2020\/10\/QR-Whatsapp.png 111w, https:\/\/legaliaspain.com\/wp-content\/uploads\/2020\/10\/QR-Whatsapp-60x60.png 60w\" sizes=\"auto, (max-width: 111px) 100vw, 111px\" \/><\/span><\/td>\n<\/tr>\n<\/tbody>\n<\/table>\n<p style=\"text-align: center;\"><span style=\"color: #000000;\">O cont\u00e1ctenos a trav\u00e9s del siguiente formulario<\/span><\/div><\/div>\n<div class=\"row \"><div class=\"wpv-grid grid-1-1  first unextended\" style=\"padding-top:0px;padding-bottom:0px\" id=\"wpv-column-9abe92f21c39c63c5c9cca57633245a2\" ><p>\n<div class=\"wpcf7 no-js\" id=\"wpcf7-f14266-o1\" lang=\"es-ES\" dir=\"ltr\" data-wpcf7-id=\"14266\">\n<div class=\"screen-reader-response\"><p role=\"status\" aria-live=\"polite\" aria-atomic=\"true\"><\/p> <ul><\/ul><\/div>\n<form action=\"\/es\/wp-json\/wp\/v2\/pages\/14048#wpcf7-f14266-o1\" method=\"post\" class=\"wpcf7-form init\" aria-label=\"Formulario de contacto\" novalidate=\"novalidate\" data-status=\"init\">\n<fieldset class=\"hidden-fields-container\"><input type=\"hidden\" name=\"_wpcf7\" value=\"14266\" \/><input type=\"hidden\" name=\"_wpcf7_version\" value=\"6.1.5\" \/><input type=\"hidden\" name=\"_wpcf7_locale\" value=\"es_ES\" \/><input type=\"hidden\" name=\"_wpcf7_unit_tag\" value=\"wpcf7-f14266-o1\" \/><input type=\"hidden\" name=\"_wpcf7_container_post\" value=\"0\" \/><input type=\"hidden\" name=\"_wpcf7_posted_data_hash\" value=\"\" \/>\n<\/fieldset>\n<p><span class=\"wpcf7-form-control-wrap\" data-name=\"text-50\"><input size=\"40\" maxlength=\"400\" class=\"wpcf7-form-control wpcf7-text wpcf7-validates-as-required\" aria-required=\"true\" aria-invalid=\"false\" placeholder=\"Su nombre\" value=\"\" type=\"text\" name=\"text-50\" \/><\/span>\n<\/p>\n<p><span class=\"wpcf7-form-control-wrap\" data-name=\"email-642\"><input size=\"40\" maxlength=\"400\" class=\"wpcf7-form-control wpcf7-email wpcf7-validates-as-required wpcf7-text wpcf7-validates-as-email\" aria-required=\"true\" aria-invalid=\"false\" placeholder=\"Su direcci\u00f3n de email\" value=\"\" type=\"email\" name=\"email-642\" \/><\/span>\n<\/p>\n<p><span class=\"wpcf7-form-control-wrap\" data-name=\"tel-526\"><input size=\"40\" maxlength=\"400\" class=\"wpcf7-form-control wpcf7-tel wpcf7-text wpcf7-validates-as-tel\" aria-invalid=\"false\" placeholder=\"Su n\u00famero de tel\u00e9fono (por favor incluya su prefijo)\" value=\"\" type=\"tel\" name=\"tel-526\" \/><\/span>\n<\/p>\n<p><span class=\"wpcf7-form-control-wrap\" data-name=\"textarea-56\"><textarea cols=\"40\" rows=\"10\" maxlength=\"2000\" class=\"wpcf7-form-control wpcf7-textarea wpcf7-validates-as-required\" aria-required=\"true\" aria-invalid=\"false\" placeholder=\"Su mensaje\" name=\"textarea-56\"><\/textarea><\/span>\n<\/p>\n<p><span class=\"wpcf7-form-control-wrap\" data-name=\"acceptance-162\"><span class=\"wpcf7-form-control wpcf7-acceptance\"><span class=\"wpcf7-list-item\"><label><input type=\"checkbox\" name=\"acceptance-162\" value=\"1\" aria-invalid=\"false\" \/><span class=\"wpcf7-list-item-label\">Acepto la <a href=\"https:\/\/legaliaspain.com\/privacy-policy\/\" target=\"_blank\" rel=\"noopener noreferrer\">pol\u00edtica de privacidad<\/a><\/span><\/label><\/span><\/span><\/span>\n<\/p>\n<p><input class=\"wpcf7-form-control wpcf7-submit has-spinner\" type=\"submit\" value=\"Enviar\" \/>\n<\/p><div class=\"wpcf7-response-output\" aria-hidden=\"true\"><\/div>\n<\/form>\n<\/div>\n<\/div><\/div><\/div>\n<div class=\"wpv-grid grid-1-6  wpv-first-level unextended\" style=\"padding-top:0px;padding-bottom:0px\" id=\"wpv-column-20ceace400a06a243c1e4481669613bf\" ><div class=\"push\" style='height:30px'><\/div><\/div><\/div>\n<div class=\"sep\"><\/div>\n","protected":false},"excerpt":{"rendered":"<p>Contacte con Legaliaspain Nuestro equipo de abogados y asesores fiscales son todo o\u00eddos. Estaremos encantados de hablar con usted y, si fuera el caso, trabajar en su caso. Nuestras l\u00edneas est\u00e1n abiertas de 8:30h a 19:30h CET\u00a0y durante esas horas le responderemos en cuesti\u00f3n de minutos. Puede usted usar el formulario a continuaci\u00f3n, escribirnos un&#8230;<\/p>\n","protected":false},"author":1,"featured_media":0,"parent":0,"menu_order":0,"comment_status":"closed","ping_status":"closed","template":"","meta":{"inline_featured_image":false,"footnotes":""},"class_list":["post-14048","page","type-page","status-publish","hentry"],"_links":{"self":[{"href":"https:\/\/legaliaspain.com\/es\/wp-json\/wp\/v2\/pages\/14048","targetHints":{"allow":["GET"]}}],"collection":[{"href":"https:\/\/legaliaspain.com\/es\/wp-json\/wp\/v2\/pages"}],"about":[{"href":"https:\/\/legaliaspain.com\/es\/wp-json\/wp\/v2\/types\/page"}],"author":[{"embeddable":true,"href":"https:\/\/legaliaspain.com\/es\/wp-json\/wp\/v2\/users\/1"}],"replies":[{"embeddable":true,"href":"https:\/\/legaliaspain.com\/es\/wp-json\/wp\/v2\/comments?post=14048"}],"version-history":[{"count":4,"href":"https:\/\/legaliaspain.com\/es\/wp-json\/wp\/v2\/pages\/14048\/revisions"}],"predecessor-version":[{"id":14267,"href":"https:\/\/legaliaspain.com\/es\/wp-json\/wp\/v2\/pages\/14048\/revisions\/14267"}],"wp:attachment":[{"href":"https:\/\/legaliaspain.com\/es\/wp-json\/wp\/v2\/media?parent=14048"}],"curies":[{"name":"wp","href":"https:\/\/api.w.org\/{rel}","templated":true}]}}