{"id":14061,"date":"2020-12-29T11:31:40","date_gmt":"2020-12-29T11:31:40","guid":{"rendered":"https:\/\/legaliaspain.com\/corporate-tax-compliance-accounting\/"},"modified":"2021-04-30T11:15:45","modified_gmt":"2021-04-30T11:15:45","slug":"contabilidad-impuestos-para-pymes","status":"publish","type":"page","link":"https:\/\/legaliaspain.com\/es\/contabilidad-impuestos-para-pymes\/","title":{"rendered":"Contabilidad y Presentaci\u00f3n de Impuestos para PYMES"},"content":{"rendered":"<div class=\"row \"><div class=\"wpv-grid grid-1-1  wpv-first-level first has-background extended\" style=\"\n\t\t\t\tbackground: url( 'https:\/\/legaliaspain.com\/wp-content\/uploads\/2020\/11\/fondolandingcompany-e1606252661828.jpg' ) no-repeat ;\n\t\t\t\tbackground-size: cover;\n\t\t\tbackground-attachment: fixed;padding-top:10px;padding-bottom:50px\" id=\"wpv-column-acfc2acf3e233e94b44acfd969346ef9\" ><div class=\"extended-column-inner\"><div class=\"push\" style='height:100px'><\/div>\n<div class=\"row \"><div class=\"wpv-grid grid-2-3  first unextended\" style=\"padding-top:0px;padding-bottom:0px\" id=\"wpv-column-cd2aaaf7a98e96ed088af9e74978df70\" ><div class=\"row \"><div class=\"wpv-grid grid-1-1  first unextended\" style=\"padding-top:0px;padding-bottom:0px\" id=\"wpv-column-e30e84a296ff48de24d881cbdf8cd44f\" ><h2><span style=\"color: #ffffff;\"><span class='dropcap1 '>L<\/span> as sociedades en Espa\u00f1a tienen una serie de obligaciones relacionadas con la llevanza de su contabilidad y presentaci\u00f3n de impuestos<\/span><\/h2>\n<p><span style=\"color: #000000;\"><span style=\"color: #ffffff;\">En Legaliaspain somos asesores de empresas y como tal podemos asistirle en la llevanza de su contabilidad y presentaci\u00f3n de los impuestos de su empresa<\/span><br \/>\n<\/span><\/p>\n<h3><strong><span style=\"color: #c84134;\">Presentaci\u00f3n de impuestos para PYMES<\/span><br \/>\n<\/strong><\/h3>\n<p><strong><span style=\"color: #ffffff;\"><span class='icon shortcode   use-hover' style='font-size:19px !important;'>&#57946;<\/span> Presentaci\u00f3n de todo tipo de declaraciones recurrentes (IVA, IRPF, IS) y asesoramiento tributario<\/span><br \/>\n<\/strong><\/p>\n<h3><strong><span style=\"color: #c84134;\">Contabilidad y n\u00f3minas<\/span><br \/>\n<\/strong><\/h3>\n<p><span style=\"color: #ffffff;\"><strong><span class='icon shortcode   use-hover' style='font-size:19px !important;'>&#57946;<\/span> Servicios de llevanza de contabilidad y n\u00f3minas<br \/>\n<\/strong><\/span><\/p>\n<p><span style=\"color: #ffffff;\"><strong><span class='icon shortcode   use-hover' style='font-size:19px !important;'>&#57946;<\/span> Asesoramiento tributario y contable<\/strong><\/span><\/p>\n<h3><strong><span style=\"color: #c84134;\">Presentaci\u00f3n de cuentas anuales y libros societarios<\/span><br \/>\n<\/strong><\/h3>\n<p><span style=\"color: #ffffff;\"><strong><span class='icon shortcode   use-hover' style='font-size:19px !important;'>&#57946;<\/span> Asesoramiento y presentaci\u00f3n de libros societarios y cuentas anuales<\/strong><\/span><\/div><\/div><\/div>\n<div class=\"wpv-grid grid-1-3  has-background unextended\" style=\"background-color:#e8e8e8;padding-top:0px;padding-bottom:0px\" id=\"wpv-column-28026642a497e44bd76772082ce42277\" ><style>#wpv-column-28026642a497e44bd76772082ce42277 p,#wpv-column-28026642a497e44bd76772082ce42277 em,#wpv-column-28026642a497e44bd76772082ce42277 .column-title,#wpv-column-28026642a497e44bd76772082ce42277 .sep-text h2.regular-title-wrapper,#wpv-column-28026642a497e44bd76772082ce42277 .text-divider-double,#wpv-column-28026642a497e44bd76772082ce42277 .sep-text .sep-text-line,#wpv-column-28026642a497e44bd76772082ce42277 .sep,#wpv-column-28026642a497e44bd76772082ce42277 .sep-2,#wpv-column-28026642a497e44bd76772082ce42277 .sep-3,#wpv-column-28026642a497e44bd76772082ce42277 td,#wpv-column-28026642a497e44bd76772082ce42277 th,#wpv-column-28026642a497e44bd76772082ce42277 caption{color:#696969;}#wpv-column-28026642a497e44bd76772082ce42277:before{background-color:transparent;}<\/style><div class=\"row \"><div class=\"wpv-grid grid-1-1  first unextended\" style=\"padding-top:0px;padding-bottom:0px\" id=\"wpv-column-199e917c5dfd5de7a2cd3e15fc6d4b0e\" ><table>\n<tbody>\n<tr>\n<td width=\"288\">\n<h4>Escanea este c\u00f3digo QR para iniciar un chat de Whatsapp<\/h4>\n<\/td>\n<td width=\"288\"><img loading=\"lazy\" decoding=\"async\" class=\"wp-image-13102 alignright\" src=\"https:\/\/legaliaspain.com\/wp-content\/uploads\/2020\/10\/QR-Whatsapp.png\" alt=\"\" width=\"111\" height=\"111\" srcset=\"https:\/\/legaliaspain.com\/wp-content\/uploads\/2020\/10\/QR-Whatsapp.png 111w, https:\/\/legaliaspain.com\/wp-content\/uploads\/2020\/10\/QR-Whatsapp-60x60.png 60w\" sizes=\"auto, (max-width: 111px) 100vw, 111px\" \/><\/td>\n<\/tr>\n<\/tbody>\n<\/table><\/div><\/div>\n<div class=\"row \"><div class=\"wpv-grid grid-1-1  first unextended\" style=\"padding-top:0px;padding-bottom:0px\" id=\"wpv-column-c422c6064126f08c58d4562e0cbd743b\" ><p>\n<div class=\"wpcf7 no-js\" id=\"wpcf7-f14269-o1\" lang=\"en-US\" dir=\"ltr\" data-wpcf7-id=\"14269\">\n<div class=\"screen-reader-response\"><p role=\"status\" aria-live=\"polite\" aria-atomic=\"true\"><\/p> <ul><\/ul><\/div>\n<form action=\"\/es\/wp-json\/wp\/v2\/pages\/14061#wpcf7-f14269-o1\" method=\"post\" class=\"wpcf7-form init\" aria-label=\"Contact form\" novalidate=\"novalidate\" data-status=\"init\">\n<fieldset class=\"hidden-fields-container\"><input type=\"hidden\" name=\"_wpcf7\" value=\"14269\" \/><input type=\"hidden\" name=\"_wpcf7_version\" value=\"6.1.5\" \/><input type=\"hidden\" name=\"_wpcf7_locale\" value=\"en_US\" \/><input type=\"hidden\" name=\"_wpcf7_unit_tag\" value=\"wpcf7-f14269-o1\" \/><input type=\"hidden\" name=\"_wpcf7_container_post\" value=\"0\" \/><input type=\"hidden\" name=\"_wpcf7_posted_data_hash\" value=\"\" \/>\n<\/fieldset>\n<p><span class=\"wpcf7-form-control-wrap\" data-name=\"text-377\"><input size=\"40\" maxlength=\"400\" class=\"wpcf7-form-control wpcf7-text\" aria-invalid=\"false\" placeholder=\"Su nombre\" value=\"\" type=\"text\" name=\"text-377\" \/><\/span><br \/>\n<span class=\"wpcf7-form-control-wrap\" data-name=\"email-241\"><input size=\"40\" maxlength=\"400\" class=\"wpcf7-form-control wpcf7-email wpcf7-validates-as-required wpcf7-text wpcf7-validates-as-email\" aria-required=\"true\" aria-invalid=\"false\" placeholder=\"Su direcci\u00f3n de email\" value=\"\" type=\"email\" name=\"email-241\" \/><\/span><br \/>\n<span class=\"wpcf7-form-control-wrap\" data-name=\"tel-22\"><input size=\"40\" maxlength=\"400\" class=\"wpcf7-form-control wpcf7-tel wpcf7-text wpcf7-validates-as-tel\" aria-invalid=\"false\" placeholder=\"Su n\u00famero de tel\u00e9fono\" value=\"\" type=\"tel\" name=\"tel-22\" \/><\/span><br \/>\n<span class=\"wpcf7-form-control-wrap\" data-name=\"textarea-751\"><textarea cols=\"40\" rows=\"10\" maxlength=\"2000\" class=\"wpcf7-form-control wpcf7-textarea wpcf7-validates-as-required\" aria-required=\"true\" aria-invalid=\"false\" placeholder=\"Su mensaje\" name=\"textarea-751\"><\/textarea><\/span><br \/>\n<span class=\"wpcf7-form-control-wrap\" data-name=\"acceptance-569\"><span class=\"wpcf7-form-control wpcf7-acceptance\"><span class=\"wpcf7-list-item\"><label><input type=\"checkbox\" name=\"acceptance-569\" value=\"1\" aria-invalid=\"false\" \/><span class=\"wpcf7-list-item-label\">Acepto la <a href=\"https:\/\/legaliaspain.com\/privacy-policy\/\" target=\"_blank\" rel=\"noopener noreferrer\">pol\u00edtica de privacidad<\/a><\/span><\/label><\/span><\/span><\/span>\n<\/p>\n<p><input class=\"wpcf7-form-control wpcf7-submit has-spinner\" type=\"submit\" value=\"ENVIAR\" \/>\n<\/p><div class=\"wpcf7-response-output\" aria-hidden=\"true\"><\/div>\n<\/form>\n<\/div>\n<\/div><\/div><\/div><\/div><\/div><\/div><\/div>\n<div class=\"row \"><div class=\"wpv-grid grid-1-1  wpv-first-level first has-background extended\" style=\"background-color:#efefef;padding-top:0px;padding-bottom:0px\" id=\"wpv-column-420cfd8557c6c43ca9780901a7672819\" ><div class=\"extended-column-inner\"><style>#wpv-column-420cfd8557c6c43ca9780901a7672819 p,#wpv-column-420cfd8557c6c43ca9780901a7672819 em,#wpv-column-420cfd8557c6c43ca9780901a7672819 .column-title,#wpv-column-420cfd8557c6c43ca9780901a7672819 .sep-text h2.regular-title-wrapper,#wpv-column-420cfd8557c6c43ca9780901a7672819 .text-divider-double,#wpv-column-420cfd8557c6c43ca9780901a7672819 .sep-text .sep-text-line,#wpv-column-420cfd8557c6c43ca9780901a7672819 .sep,#wpv-column-420cfd8557c6c43ca9780901a7672819 .sep-2,#wpv-column-420cfd8557c6c43ca9780901a7672819 .sep-3,#wpv-column-420cfd8557c6c43ca9780901a7672819 td,#wpv-column-420cfd8557c6c43ca9780901a7672819 th,#wpv-column-420cfd8557c6c43ca9780901a7672819 caption{color:#707070;}#wpv-column-420cfd8557c6c43ca9780901a7672819:before{background-color:transparent;}<\/style><div class=\"row \"><div class=\"wpv-grid grid-1-1  first unextended\" style=\"padding-top:0px;padding-bottom:0px\" id=\"wpv-column-daa1345084236a56e83502609cff3199\" ><div class=\"row \"><div class=\"wpv-grid grid-1-1  first unextended\" style=\"padding-top:0px;padding-bottom:0px\" id=\"wpv-column-9c0e4b6d8e87248beb03e3ef20f4ed8f\" ><h1 style=\"text-align: center;\"><span style=\"color: #c84134;\">Presentaci\u00f3n de impuestos para PYMES y contabilidad<br \/>\n<\/span><\/h1>\n<hr \/>\n<p style=\"text-align: justify;\"><span style=\"color: #000000;\"> <span class='dropcap1 '>L<\/span> as sociedades espa\u00f1olas y extranjeras que operan en Espa\u00f1a deben cumplir con una serie de requisitos de a nivel <strong>contable<\/strong>, de <strong>presentaci\u00f3n de impuestos<\/strong>, <strong>cuentas anuales<\/strong> y <strong>libros societarios<\/strong>.<br \/>\n<\/span><\/p>\n<p style=\"text-align: justify;\"><span style=\"color: #000000;\">Habitualmente las grandes empresas cuentan con departamentos internos de contabilidad, dado el elevado n\u00famero de transacciones que justifican la necesidad de contar con un equipo interno que se ocupe de esta parte del negocio. Las empresas peque\u00f1as y medianas, <em>startups <\/em>o aquellas que no tienen una gran estructura interna, tienden a externalizar este proceso para poder centrarse en el crecimiento de su <em>core business<\/em>.<\/span><\/p>\n<p style=\"text-align: justify;\"><span style=\"color: #000000;\">En Legaliaspain tenemos una <strong>amplia experiencia<\/strong> de m\u00e1s de diez a\u00f1os asesorando a <em>startups<\/em>, PYMES internacionales y sociedades extranjeras que desarrollan su actividad en Espa\u00f1a. Esta experiencia nos otorga un amplio conocimiento que nos permite asesorar en la presentaci\u00f3n de impuestos, gesti\u00f3n de n\u00f3minas, cumplimiento de las obligaciones contables y de tenedur\u00eda de libros, adem\u00e1s del asesoramiento recurrente de nuestros asesores fiscales.<\/span><\/p>\n<p><span style=\"color: #000000;\">Los requisitos b\u00e1sicos en materia tributaria para las empresas que operan en Espa\u00f1a son:<\/span><\/p>\n<h3 style=\"text-align: center;\"><span style=\"color: #c84134;\"><strong>Presentaci\u00f3n de impuestos (IVA, Impuesto Sobre Sociedades, N\u00f3minas, etc.)<br \/>\n<\/strong><\/span><\/h3>\n<hr \/>\n<p style=\"text-align: justify;\"><span style=\"color: #000000;\">Las empresas en Espa\u00f1a, durante el a\u00f1o fiscal que habitualmente va desde el 1 de enero hasta el 31 de diciembre, han de cumplir con una serie de obligaciones con la agencia tributaria espa\u00f1ola.<\/span><\/p>\n<p style=\"text-align: justify; padding-left: 40px;\"><span style=\"text-decoration: underline;\"><span style=\"color: #000000; text-decoration: underline;\"><strong>Declaraciones de IVA<\/strong><\/span><\/span><\/p>\n<p style=\"text-align: justify; padding-left: 40px;\"><span style=\"color: #000000;\">Las empresas en Espa\u00f1a deber\u00e1n presentar una declaraci\u00f3n de IVA <strong>trimestralmente<\/strong> y una recapitulativa al <strong>final del a\u00f1o<\/strong>. En algunos casos las PYMES est\u00e1n obligadas a presentar declaraciones de IVA mensuales.<\/span><\/p>\n<p style=\"text-align: justify; padding-left: 40px;\"><span style=\"text-decoration: underline;\"><span style=\"color: #000000; text-decoration: underline;\"><strong>Impuesto sobre Sociedades<\/strong><\/span><\/span><\/p>\n<p style=\"text-align: justify; padding-left: 40px;\"><span style=\"color: #000000;\">Las sociedades en Espa\u00f1a deben presentar una declaraci\u00f3n por el impuesto sobre sociedades <strong>anualmente<\/strong>. El impuesto sobre sociedades en Espa\u00f1a es del <strong>25%. <\/strong>Las sociedades de nueva creaci\u00f3n generalmente tributan a un tipo reducido del <strong>15% <\/strong>durante los dos primeros a\u00f1os en los que obtengan beneficios.<\/span><\/p>\n<p style=\"padding-left: 40px;\"><span style=\"text-decoration: underline;\"><span style=\"color: #000000; text-decoration: underline;\"><strong>N\u00f3minas<\/strong><\/span><\/span><\/p>\n<p style=\"padding-left: 40px; text-align: justify;\"><span style=\"color: #000000;\">Las empresas que contraten empleados deber\u00e1n <strong>retener<\/strong> un porcentaje de sus salarios a cuenta de su declaraci\u00f3n de la renta adem\u00e1s de pagar contribuciones a la <strong>Seguridad Social<\/strong>.<\/span><\/p>\n<h3 style=\"text-align: center;\"><span style=\"color: #c84134;\"><strong>Contabilidad<br \/>\n<\/strong><\/span><\/h3>\n<hr \/>\n<p style=\"text-align: justify;\"><span style=\"color: #000000;\">Las empresas en Espa\u00f1a est\u00e1n obligadas a llevar la contabilidad adem\u00e1s de un libro de inventarios, un balance y un libro mayor. Tambi\u00e9n deben presentar sus cuentas anuales en el registro mercantil, incluyendo el balance de la empresa, las p\u00e9rdidas y ganancias y una memoria.<\/span><\/p>\n<p style=\"text-align: justify;\"><span style=\"color: #000000;\">La no presentaci\u00f3n de las cuentas anuales de la empresa en el registro mercantil dar\u00e1 lugar a sanciones y al cierre de la hoja registral de la misma.<\/span><\/p>\n<h3 style=\"text-align: center;\"><span style=\"color: #c84134;\"><strong>Presentaci\u00f3n de los libros societarios<\/strong><\/span><\/h3>\n<hr \/>\n<p style=\"text-align: justify;\"><span style=\"color: #000000;\">Todas las sociedades de responsabilidad limitada en Espa\u00f1a deben presentar los libros societarios en el registro mercantil dentro de los cuatro (4) meses siguientes al cierre del ejercicio.<\/span><\/p>\n<p style=\"text-align: justify;\"><span style=\"color: #000000;\">Estos libros son:<\/span><\/p>\n<ul style=\"text-align: justify;\">\n<li><span style=\"color: #000000;\">El<strong> libro de actas<\/strong>en el que constan las actas de las reuniones de la sociedad;<\/span><\/li>\n<li><span style=\"color: #000000;\">El <strong>libro de registro de socios <\/strong>en el que consta la identidad, el domicilio y la nacionalidad de los socios de la sociedad;<\/span><\/li>\n<li><span style=\"color: #000000;\">En el caso de la sociedad unipersonal el <strong>libro de contratos entre el socio \u00fanico y la sociedad<\/strong>.<\/span><\/li>\n<\/ul>\n<p style=\"text-align: justify;\"><span style=\"color: #000000;\">Los libros societarios deber\u00e1n ser presentados electr\u00f3nicamente en el registro mercantil.<\/span><\/div><\/div><\/div><\/div>\n<div class=\"row \"><div class=\"wpv-grid grid-1-1  first has-background extended\" style=\"background-color:#efefef;padding-top:10px;padding-bottom:50px\" id=\"wpv-column-7550607772b4c42a4fdbbc2ab264bdbc\" ><div class=\"extended-column-inner\"><style>#wpv-column-7550607772b4c42a4fdbbc2ab264bdbc p,#wpv-column-7550607772b4c42a4fdbbc2ab264bdbc em,#wpv-column-7550607772b4c42a4fdbbc2ab264bdbc .column-title,#wpv-column-7550607772b4c42a4fdbbc2ab264bdbc .sep-text h2.regular-title-wrapper,#wpv-column-7550607772b4c42a4fdbbc2ab264bdbc .text-divider-double,#wpv-column-7550607772b4c42a4fdbbc2ab264bdbc .sep-text .sep-text-line,#wpv-column-7550607772b4c42a4fdbbc2ab264bdbc .sep,#wpv-column-7550607772b4c42a4fdbbc2ab264bdbc .sep-2,#wpv-column-7550607772b4c42a4fdbbc2ab264bdbc .sep-3,#wpv-column-7550607772b4c42a4fdbbc2ab264bdbc td,#wpv-column-7550607772b4c42a4fdbbc2ab264bdbc th,#wpv-column-7550607772b4c42a4fdbbc2ab264bdbc caption{color:#707070;}#wpv-column-7550607772b4c42a4fdbbc2ab264bdbc:before{background-color:transparent;}<\/style><div class=\"row \"><div class=\"wpv-grid grid-1-1  first unextended\" style=\"padding-top:0px;padding-bottom:0px\" id=\"wpv-column-d1f301b0a11a983c274f21200a7a6281\" ><div class=\"row \"><div class=\"wpv-grid grid-1-1  first unextended\" style=\"padding-top:0px;padding-bottom:0px\" id=\"wpv-column-02ad03b53c94e5ab3bc63825f0c0ef19\" ><h2 style=\"text-align: center;\"><span style=\"color: #c84134;\">\u00bfPor qu\u00e9 escoger a Legaliaspain para la contabilidad y presentaci\u00f3n de impuestos de su empresa?<br \/>\n<\/span><\/h2>\n<hr \/><\/div><\/div><\/div><\/div>\n<div class=\"row \"><div class=\"wpv-grid grid-1-3  first has-background unextended\" style=\"\n\t\t\t\tbackground: url( 'https:\/\/legaliaspain.com\/wp-content\/uploads\/2020\/08\/staircase-600468_640.jpg' )  ;\n\t\t\t\tbackground-size: cover;\n\t\t\tpadding-top:0px;padding-bottom:0px\" id=\"wpv-column-a71c893b545122825f0735ceb1e41e2b\" ><\/div>\n<div class=\"wpv-grid grid-2-3  unextended\" style=\"padding-top:0px;padding-bottom:0px\" id=\"wpv-column-e596b8d8bacdc57458745193569973dd\" ><div class=\"row \"><div class=\"wpv-grid grid-1-1  first unextended\" style=\"padding-top:0px;padding-bottom:0px\" id=\"wpv-column-aaceb2561a97b48f20dbba0bcaa3cd1e\" ><ul>\n<li>Abogados y asesores fiscales a su disposici\u00f3n en cualquier momento y en su propio idioma<\/li>\n<li>Precios cerrados para la llevanza de contabilidad, presenci\u00f3n de impuestos y libros societarios de su empresa<\/li>\n<li>Solo abogados y asesores fiscales colegiados trabajando en su caso<\/li>\n<li>Asistencia en diferentes \u00e1reas del derecho: societario, inmobiliario, sucesiones, etc.<\/li>\n<li>M\u00e1s de diez a\u00f1os de experiencia asesorando a empresas espa\u00f1olas y sociedades extranjeras que operan en Espa\u00f1a<\/li>\n<\/ul><\/div><\/div><\/div><\/div><\/div><\/div><\/div>\n<div class=\"row \"><div class=\"wpv-grid grid-1-1  first has-background extended\" style=\"background-color:#efefef;padding-top:0px;padding-bottom:0px\" id=\"wpv-column-37829e62906d1503e0112b11525ca870\" ><div class=\"extended-column-inner\"><style>#wpv-column-37829e62906d1503e0112b11525ca870 p,#wpv-column-37829e62906d1503e0112b11525ca870 em,#wpv-column-37829e62906d1503e0112b11525ca870 .column-title,#wpv-column-37829e62906d1503e0112b11525ca870 .sep-text h2.regular-title-wrapper,#wpv-column-37829e62906d1503e0112b11525ca870 .text-divider-double,#wpv-column-37829e62906d1503e0112b11525ca870 .sep-text .sep-text-line,#wpv-column-37829e62906d1503e0112b11525ca870 .sep,#wpv-column-37829e62906d1503e0112b11525ca870 .sep-2,#wpv-column-37829e62906d1503e0112b11525ca870 .sep-3,#wpv-column-37829e62906d1503e0112b11525ca870 td,#wpv-column-37829e62906d1503e0112b11525ca870 th,#wpv-column-37829e62906d1503e0112b11525ca870 caption{color:#707070;}#wpv-column-37829e62906d1503e0112b11525ca870:before{background-color:transparent;}<\/style><div class=\"row \"><div class=\"wpv-grid grid-1-1  first unextended\" style=\"padding-top:0px;padding-bottom:0px\" id=\"wpv-column-63c2fdb6fc1f0cc2581d9dcd4668ee8e\" ><h2 style=\"text-align: center;\"><span style=\"color: #c84134;\">\u00bfQu\u00e9 dicen de nosotros nuestros clientes?<br \/>\n<\/span><\/h2>\n<hr \/>\n<blockquote><p><span style=\"color: #000000;\">Contar con los profesionales de Legaliaspain fue una excelente decisi\u00f3n para nuestro proyecto. Cumplieron con creces nuestras expectativas, nos facilitaron toda la informaci\u00f3n necesaria a cada momento y se han convertido en un miembro m\u00e1s de nuestro equipo.<\/span><\/p><\/blockquote>\n<h5><span style=\"color: #999999;\">Feras Hosni <span style=\"color: #000000;\">&#8211;<\/span><\/span> <span style=\"color: #c84134;\">Inversor y director general de Libanou Management SL<\/span><\/h5>\n<div class=\"push\" style='height:30px'><\/div><\/div><\/div><\/div><\/div><\/div><\/div><\/div><\/div>\n","protected":false},"excerpt":{"rendered":"<p>as sociedades en Espa\u00f1a tienen una serie de obligaciones relacionadas con la llevanza de su contabilidad y presentaci\u00f3n de impuestos En Legaliaspain somos asesores de empresas y como tal podemos asistirle en la llevanza de su contabilidad y presentaci\u00f3n de los impuestos de su empresa Presentaci\u00f3n de impuestos para PYMES Presentaci\u00f3n de todo tipo de&#8230;<\/p>\n","protected":false},"author":1,"featured_media":0,"parent":0,"menu_order":0,"comment_status":"closed","ping_status":"closed","template":"","meta":{"inline_featured_image":false,"footnotes":""},"class_list":["post-14061","page","type-page","status-publish","hentry"],"_links":{"self":[{"href":"https:\/\/legaliaspain.com\/es\/wp-json\/wp\/v2\/pages\/14061","targetHints":{"allow":["GET"]}}],"collection":[{"href":"https:\/\/legaliaspain.com\/es\/wp-json\/wp\/v2\/pages"}],"about":[{"href":"https:\/\/legaliaspain.com\/es\/wp-json\/wp\/v2\/types\/page"}],"author":[{"embeddable":true,"href":"https:\/\/legaliaspain.com\/es\/wp-json\/wp\/v2\/users\/1"}],"replies":[{"embeddable":true,"href":"https:\/\/legaliaspain.com\/es\/wp-json\/wp\/v2\/comments?post=14061"}],"version-history":[{"count":7,"href":"https:\/\/legaliaspain.com\/es\/wp-json\/wp\/v2\/pages\/14061\/revisions"}],"predecessor-version":[{"id":14278,"href":"https:\/\/legaliaspain.com\/es\/wp-json\/wp\/v2\/pages\/14061\/revisions\/14278"}],"wp:attachment":[{"href":"https:\/\/legaliaspain.com\/es\/wp-json\/wp\/v2\/media?parent=14061"}],"curies":[{"name":"wp","href":"https:\/\/api.w.org\/{rel}","templated":true}]}}