{"id":14062,"date":"2021-02-21T15:17:17","date_gmt":"2021-02-21T15:17:17","guid":{"rendered":"https:\/\/legaliaspain.com\/golden-visa-in-spain\/"},"modified":"2021-04-28T11:20:46","modified_gmt":"2021-04-28T11:20:46","slug":"golden-visa-espana","status":"publish","type":"page","link":"https:\/\/legaliaspain.com\/es\/golden-visa-espana\/","title":{"rendered":"Golden Visa en Espa\u00f1a"},"content":{"rendered":"<div class=\"row \"><div class=\"wpv-grid grid-1-1  wpv-first-level first has-background extended\" style=\"\n\t\t\t\tbackground: url( 'https:\/\/legaliaspain.com\/wp-content\/uploads\/2020\/11\/fondolandingcompany-e1606252661828.jpg' ) no-repeat ;\n\t\t\t\tbackground-size: cover;\n\t\t\tbackground-attachment: fixed;padding-top:10px;padding-bottom:50px\" id=\"wpv-column-e114c592aec4ca157805197cd48d2f33\" ><div class=\"extended-column-inner\"><div class=\"push\" style='height:100px'><\/div>\n<div class=\"row \"><div class=\"wpv-grid grid-2-3  first unextended\" style=\"padding-top:0px;padding-bottom:0px\" id=\"wpv-column-c3390f82ad15c6270743f57d3ecbbf1a\" ><div class=\"row \"><div class=\"wpv-grid grid-1-1  first unextended\" style=\"padding-top:0px;padding-bottom:0px\" id=\"wpv-column-d3526d3b20135ccca11251b855b4e5dd\" ><h2><span style=\"color: #ffffff;\"><span class='dropcap1 '>E<\/span> l programa Golden Visa ofrece residencia a inversores extranjeros en Espa\u00f1a<\/span><\/h2>\n<div class=\"push\" style='height:2px'><\/div>\n<p><span style=\"color: #ffffff;\">En Legaliaspain podemos asistirle en la tramitaci\u00f3n y obtenci\u00f3n de su Golden Visa:<\/span><\/p>\n<div class=\"push\" style='height:5px'><\/div>\n<p><span style=\"color: #ffffff;\"><strong><span style=\"color: #000000;\"><span style=\"color: #ffffff;\"> <span class='icon shortcode   use-hover' style='font-size:19px !important;'>&#57946;<\/span> Asesoramiento legal por expertos abogados en el programa Golden Visa<\/span> <\/span><br \/>\n<\/strong><\/span><\/p>\n<p><span style=\"color: #000000;\"><strong><span style=\"color: #ffffff;\"><span class='icon shortcode   use-hover' style='font-size:19px !important;'>&#57946;<\/span> Los mejores asesores inmobiliarios trabajando en su caso<\/span><br \/>\n<\/strong><\/span><\/p>\n<p><span style=\"color: #ffffff;\"><strong><span style=\"color: #ffffff;\"><span class='icon shortcode   use-hover' style='font-size:19px !important;'>&#57946;<\/span> Asesor\u00eda legal y tributaria por expertos profesionales con m\u00e1s de 10 a\u00f1os de experiencia en el mercado<\/span><br \/>\n<\/strong><\/span><\/p>\n<p><span style=\"color: #000000;\"><strong><span style=\"color: #ffffff;\"><span class='icon shortcode   use-hover' style='font-size:19px !important;'>&#57946;<\/span> Representaci\u00f3n a distancia mediante poder notarial para su comodidad<\/span><br \/>\n<\/strong><\/span><\/p>\n<p><span style=\"color: #000000;\"><strong><span style=\"color: #ffffff;\"><span class='icon shortcode   use-hover' style='font-size:19px !important;'>&#57946;<\/span> Todas las comunicaciones con nuestros profesionales en la lengua en que le resulte m\u00e1s c\u00f3modo<\/span><br \/>\n<\/strong><\/span><\/p>\n<p><span style=\"color: #ffffff;\"><strong><span class='icon shortcode   use-hover' style='font-size:19px !important;'>&#57946;<\/span> <\/strong><strong>Asesoramiento a lo largo del proceso de abogados expertos en derecho inmobiliario y asesores fiscales<\/strong><\/span><\/div><\/div><\/div>\n<div class=\"wpv-grid grid-1-3  has-background unextended\" style=\"background-color:#e8e8e8;padding-top:0px;padding-bottom:0px\" id=\"wpv-column-201746c760bd9bf2ae557f198d817554\" ><style>#wpv-column-201746c760bd9bf2ae557f198d817554 p,#wpv-column-201746c760bd9bf2ae557f198d817554 em,#wpv-column-201746c760bd9bf2ae557f198d817554 .column-title,#wpv-column-201746c760bd9bf2ae557f198d817554 .sep-text h2.regular-title-wrapper,#wpv-column-201746c760bd9bf2ae557f198d817554 .text-divider-double,#wpv-column-201746c760bd9bf2ae557f198d817554 .sep-text .sep-text-line,#wpv-column-201746c760bd9bf2ae557f198d817554 .sep,#wpv-column-201746c760bd9bf2ae557f198d817554 .sep-2,#wpv-column-201746c760bd9bf2ae557f198d817554 .sep-3,#wpv-column-201746c760bd9bf2ae557f198d817554 td,#wpv-column-201746c760bd9bf2ae557f198d817554 th,#wpv-column-201746c760bd9bf2ae557f198d817554 caption{color:#696969;}#wpv-column-201746c760bd9bf2ae557f198d817554:before{background-color:transparent;}<\/style><div class=\"row \"><div class=\"wpv-grid grid-1-1  first unextended\" style=\"padding-top:0px;padding-bottom:0px\" id=\"wpv-column-8f02e8df9077467d90b30dca7d9242c0\" ><table>\n<tbody>\n<tr>\n<td width=\"288\">\n<h4>Escanea este c\u00f3digo QR para iniciar un chat de Whatsapp<\/h4>\n<\/td>\n<td width=\"288\"><img loading=\"lazy\" decoding=\"async\" class=\"wp-image-13102 alignright\" src=\"https:\/\/legaliaspain.com\/wp-content\/uploads\/2020\/10\/QR-Whatsapp.png\" alt=\"\" width=\"111\" height=\"111\" srcset=\"https:\/\/legaliaspain.com\/wp-content\/uploads\/2020\/10\/QR-Whatsapp.png 111w, https:\/\/legaliaspain.com\/wp-content\/uploads\/2020\/10\/QR-Whatsapp-60x60.png 60w\" sizes=\"auto, (max-width: 111px) 100vw, 111px\" \/><\/td>\n<\/tr>\n<\/tbody>\n<\/table><\/div><\/div>\n<div class=\"row \"><div class=\"wpv-grid grid-1-1  first unextended\" style=\"padding-top:0px;padding-bottom:0px\" id=\"wpv-column-bb49d1abdb65aa05f2bd07eb81e0ab39\" ><p>\n<div class=\"wpcf7 no-js\" id=\"wpcf7-f14269-o1\" lang=\"en-US\" dir=\"ltr\" data-wpcf7-id=\"14269\">\n<div class=\"screen-reader-response\"><p role=\"status\" aria-live=\"polite\" aria-atomic=\"true\"><\/p> <ul><\/ul><\/div>\n<form action=\"\/es\/wp-json\/wp\/v2\/pages\/14062#wpcf7-f14269-o1\" method=\"post\" class=\"wpcf7-form init\" aria-label=\"Contact form\" novalidate=\"novalidate\" data-status=\"init\">\n<fieldset class=\"hidden-fields-container\"><input type=\"hidden\" name=\"_wpcf7\" value=\"14269\" \/><input type=\"hidden\" name=\"_wpcf7_version\" value=\"6.1.5\" \/><input type=\"hidden\" name=\"_wpcf7_locale\" value=\"en_US\" \/><input type=\"hidden\" name=\"_wpcf7_unit_tag\" value=\"wpcf7-f14269-o1\" \/><input type=\"hidden\" name=\"_wpcf7_container_post\" value=\"0\" \/><input type=\"hidden\" name=\"_wpcf7_posted_data_hash\" value=\"\" \/>\n<\/fieldset>\n<p><span class=\"wpcf7-form-control-wrap\" data-name=\"text-377\"><input size=\"40\" maxlength=\"400\" class=\"wpcf7-form-control wpcf7-text\" aria-invalid=\"false\" placeholder=\"Su nombre\" value=\"\" type=\"text\" name=\"text-377\" \/><\/span><br \/>\n<span class=\"wpcf7-form-control-wrap\" data-name=\"email-241\"><input size=\"40\" maxlength=\"400\" class=\"wpcf7-form-control wpcf7-email wpcf7-validates-as-required wpcf7-text wpcf7-validates-as-email\" aria-required=\"true\" aria-invalid=\"false\" placeholder=\"Su direcci\u00f3n de email\" value=\"\" type=\"email\" name=\"email-241\" \/><\/span><br \/>\n<span class=\"wpcf7-form-control-wrap\" data-name=\"tel-22\"><input size=\"40\" maxlength=\"400\" class=\"wpcf7-form-control wpcf7-tel wpcf7-text wpcf7-validates-as-tel\" aria-invalid=\"false\" placeholder=\"Su n\u00famero de tel\u00e9fono\" value=\"\" type=\"tel\" name=\"tel-22\" \/><\/span><br \/>\n<span class=\"wpcf7-form-control-wrap\" data-name=\"textarea-751\"><textarea cols=\"40\" rows=\"10\" maxlength=\"2000\" class=\"wpcf7-form-control wpcf7-textarea wpcf7-validates-as-required\" aria-required=\"true\" aria-invalid=\"false\" placeholder=\"Su mensaje\" name=\"textarea-751\"><\/textarea><\/span><br \/>\n<span class=\"wpcf7-form-control-wrap\" data-name=\"acceptance-569\"><span class=\"wpcf7-form-control wpcf7-acceptance\"><span class=\"wpcf7-list-item\"><label><input type=\"checkbox\" name=\"acceptance-569\" value=\"1\" aria-invalid=\"false\" \/><span class=\"wpcf7-list-item-label\">Acepto la <a href=\"https:\/\/legaliaspain.com\/privacy-policy\/\" target=\"_blank\" rel=\"noopener noreferrer\">pol\u00edtica de privacidad<\/a><\/span><\/label><\/span><\/span><\/span>\n<\/p>\n<p><input class=\"wpcf7-form-control wpcf7-submit has-spinner\" type=\"submit\" value=\"ENVIAR\" \/>\n<\/p><div class=\"wpcf7-response-output\" aria-hidden=\"true\"><\/div>\n<\/form>\n<\/div>\n<\/div><\/div><\/div><\/div><\/div><\/div><\/div>\n<div class=\"row \"><div class=\"wpv-grid grid-1-1  wpv-first-level first has-background extended\" style=\"background-color:#efefef;padding-top:0px;padding-bottom:0px\" id=\"wpv-column-9ad352eed95e29e2d14a442050564cdf\" ><div class=\"extended-column-inner\"><style>#wpv-column-9ad352eed95e29e2d14a442050564cdf p,#wpv-column-9ad352eed95e29e2d14a442050564cdf em,#wpv-column-9ad352eed95e29e2d14a442050564cdf .column-title,#wpv-column-9ad352eed95e29e2d14a442050564cdf .sep-text h2.regular-title-wrapper,#wpv-column-9ad352eed95e29e2d14a442050564cdf .text-divider-double,#wpv-column-9ad352eed95e29e2d14a442050564cdf .sep-text .sep-text-line,#wpv-column-9ad352eed95e29e2d14a442050564cdf .sep,#wpv-column-9ad352eed95e29e2d14a442050564cdf .sep-2,#wpv-column-9ad352eed95e29e2d14a442050564cdf .sep-3,#wpv-column-9ad352eed95e29e2d14a442050564cdf td,#wpv-column-9ad352eed95e29e2d14a442050564cdf th,#wpv-column-9ad352eed95e29e2d14a442050564cdf caption{color:#707070;}#wpv-column-9ad352eed95e29e2d14a442050564cdf:before{background-color:transparent;}<\/style><div class=\"row \"><div class=\"wpv-grid grid-1-1  first unextended\" style=\"padding-top:0px;padding-bottom:0px\" id=\"wpv-column-eee7ee8449a435d070db44cf70876dd3\" ><div class=\"row \"><div class=\"wpv-grid grid-1-1  first unextended\" style=\"padding-top:0px;padding-bottom:0px\" id=\"wpv-column-16e65090ce605d18721c264df167bde1\" ><h1 style=\"text-align: center;\"><span style=\"color: #c84134;\">Legaliaspain | Golden Visa<br \/>\n<\/span><\/h1>\n<hr \/>\n<p style=\"text-align: justify;\"><span style=\"color: #000000;\">La Golden Visa es un visado dirigido a los <strong>extranjeros no comunitarios<\/strong> que desean obtener la residencia en Espa\u00f1a invirtiendo en el pa\u00eds. Es una forma simplificada de obtener la residencia en Espa\u00f1a sin la carga burocr\u00e1rtica que implica iniciar un proceso de extranjer\u00eda a menudo largo y complicado.<\/span><\/p>\n<p style=\"text-align: justify;\"><span style=\"color: #000000;\">Este tipo de visado est\u00e1 experimentando un nuevo resurgimiento con el Brexit dado que los ciudadanos brit\u00e1nicos ya no forman parte de la UE y, por tanto, son susceptibles de aplicar para la obtenci\u00f3n de la Golden Visa. Puede encontrar m\u00e1s informaci\u00f3n sobre el Brexit en nuestro art\u00edculo Brexit en Espa\u00f1a.<\/span><\/p>\n<p style=\"text-align: justify;\"><span style=\"color: #000000;\">La inversi\u00f3n para obtener la Golden Visa puede ser de car\u00e1cter <strong>inmobiliario, financiero o empresarial<\/strong> como se describe a continuaci\u00f3n. La inversi\u00f3n inmobiliaria suele ser la principal opci\u00f3n para quienes optan por la Golden Visa para obtener la residencia en Espa\u00f1a aunque en Legaliaspain podemos ayudarle tambi\u00e9n en el resto de casos.<\/span><\/div><\/div>\n<div class=\"row \"><div class=\"wpv-grid grid-1-1  first unextended\" style=\"padding-top:20px;padding-bottom:0px\" id=\"wpv-column-f9849f4b21b1560d85b596c7e468d51e\" ><div class=\"row \"><div class=\"wpv-grid grid-1-3  first unextended\" style=\"padding-top:0px;padding-bottom:0px\" id=\"wpv-column-ce90614d256d516a4846fa6779543a5d\" ><div class=\"row \"><div class=\"wpv-grid grid-1-1  first unextended animation-from-bottom animated-active\" style=\"padding-top:0px;padding-bottom:0px\" id=\"wpv-column-cc66171fda9cb092dc2bb1e6dd5f9d3f\" ><h3 style=\"text-align: center;\"><span style=\"color: #c84134;\">Financiera <span class='icon shortcode   use-hover' style='font-size:16px !important;'>&#57692;<\/span><\/span><\/h3>\n<hr \/>\n<p style=\"text-align: justify;\"><span style=\"color: #000000;\">La Golden Visa se obtiene autom\u00e1ticamente si el solicitante invierte en deuda p\u00fablica del Estado (2 millones de euros), en una empresa espa\u00f1ola o realiza un dep\u00f3sito bancario (ambos por un valor m\u00ednimo de 1 mill\u00f3n de euros).<\/span><\/p>\n<p style=\"text-align: justify;\"><span style=\"color: #000000;\">Los asesores tributarios de Legaliaspain podr\u00e1n guiarle en este proceso para que pueda <strong>maximizar su inversi\u00f3n<\/strong>.<\/span><\/div><\/div><\/div>\n<div class=\"wpv-grid grid-1-3  unextended\" style=\"padding-top:0px;padding-bottom:0px\" id=\"wpv-column-ceea5f5032a8670841136a1d8bc39157\" ><div class=\"row \"><div class=\"wpv-grid grid-1-1  first unextended animation-from-bottom animated-active\" style=\"padding-top:0px;padding-bottom:0px\" id=\"wpv-column-a85e7d52dd423e320f030e6cbc9b88ca\" ><h3 style=\"text-align: center;\"><span style=\"color: #c84134;\">Inmobiliaria <span class='icon shortcode   use-hover' style='font-size:16px !important;'>&#57419;<\/span><\/span><\/h3>\n<hr \/>\n<p style=\"text-align: justify;\"><span style=\"color: #000000;\">Consiste en la <strong>adquisici\u00f3n de uno o varios inmuebles en Espa\u00f1a<\/strong> por un valor no inferior a 500.000 euros. El tipo de inversi\u00f3n m\u00e1s com\u00fan en la pr\u00e1ctica.<\/span><\/p>\n<p style=\"text-align: justify;\"><span style=\"color: #000000;\">En Legaliaspain podemos representarle en esta fase final a trav\u00e9s de un poder notarial y evitarle el viaje para que cuando venga a recoger las llaves de su vivienda <strong>todo el trabajo est\u00e9 terminado<\/strong>.<\/span><\/div><\/div><\/div>\n<div class=\"wpv-grid grid-1-3  unextended\" style=\"padding-top:0px;padding-bottom:0px\" id=\"wpv-column-8cf3d96d458eaeb786f96fcbbda3c06c\" ><div class=\"row \"><div class=\"wpv-grid grid-1-1  first unextended animation-from-bottom animated-active\" style=\"padding-top:0px;padding-bottom:0px\" id=\"wpv-column-3d58220d76923eac0da8062a915be7d8\" ><h3 style=\"text-align: center;\"><span style=\"color: #c84134;\">Empresarial <span class='icon shortcode   use-hover' style='font-size:16px !important;'>&#57751;<\/span><\/span><\/h3>\n<hr \/>\n<p style=\"text-align: justify;\"><span style=\"color: #000000;\">La Golden Visa tambi\u00e9n se puede obtener al iniciar una actividad empresarial en Espa\u00f1a o al realizar un proyecto empresarial de inter\u00e9s general para el pa\u00eds.<\/span><\/p>\n<p style=\"text-align: justify;\"><span style=\"color: #000000;\">En Legaliaspain tambi\u00e9n somos expertos en derecho de los negocios y le ayudaremos a maximizar su inversi\u00f3n mediante <strong>el mejor asesoramiento<\/strong>.<\/span><\/div><\/div><\/div><\/div><\/div><\/div>\n<div class=\"row \"><div class=\"wpv-grid grid-1-1  first unextended\" style=\"padding-top:0px;padding-bottom:0px\" id=\"wpv-column-52b177e9494f86c5846b0bcde854383a\" ><p style=\"text-align: justify;\"><span style=\"color: #000000;\">La programa Golden Visa existe desde 2013 y durante todos estos a\u00f1os ha demostrado ser una <strong>excelente opci\u00f3n para quienes desean obtener la residencia en Espa\u00f1a<\/strong> de forma simplificada, sin tener que pasar por la burocracia de un procedimiento de extranjer\u00eda.<\/span><\/p>\n<p style=\"text-align: justify;\"><span style=\"color: #000000;\">Desde la salida del Reino Unido de la Uni\u00f3n Europea en 2020 provocada por el Brexit, el Golden Visa se ha convertido en un tr\u00e1mite m\u00e1s demandado por los brit\u00e1nicos que desean obtener un permiso que les permita residir de forma permanente en Espa\u00f1a.<\/span><\/p>\n<p style=\"text-align: justify;\"><span style=\"color: #000000;\">Podr\u00e1 encontrar m\u00e1s informaci\u00f3n acerca de la Golden Visa en nuestro art\u00edculo <a href=\"https:\/\/legaliaspain.com\/es\/golden-visa\/\" target=\"_blank\" rel=\"noopener\">Golden Visa: \u00bfQu\u00e9 es y cu\u00e1les son sus requisitos?<\/a>.\u00a0<\/span><\/p>\n<hr \/>\n<p style=\"text-align: justify;\"><span style=\"color: #000000;\">En Legaliaspain nos enorgullecemos de haber completado con \u00e9xito <strong>docenas de solicitudes de Golden Visa en los \u00faltimos a\u00f1os en nombre de nuestros clientes<\/strong>. Si est\u00e1 pensando en <strong>comprar una propiedad en Espa\u00f1a u obtener la residencia en Espa\u00f1a invirtiendo en el pa\u00eds<\/strong>, nuestros abogados y asesores fiscales estar\u00e1n encantados de ayudarle a lo largo del proceso. <\/span><\/p>\n<p style=\"text-align: justify;\"><span style=\"color: #000000;\">No dude en ponerse en contacto con nosotros en el formulario de contacto que aparece a continuaci\u00f3n para obtener un <strong>presupuesto gratuito<\/strong>.<\/span><\/div><\/div><\/div><\/div><\/div><\/div><\/div>\n<div class=\"row \"><div class=\"wpv-grid grid-1-1  wpv-first-level first has-background extended\" style=\"background-color:#efefef;padding-top:10px;padding-bottom:50px\" id=\"wpv-column-accac7536a36c94210ce8c2aa5a13c4b\" ><div class=\"extended-column-inner\"><style>#wpv-column-accac7536a36c94210ce8c2aa5a13c4b p,#wpv-column-accac7536a36c94210ce8c2aa5a13c4b em,#wpv-column-accac7536a36c94210ce8c2aa5a13c4b .column-title,#wpv-column-accac7536a36c94210ce8c2aa5a13c4b .sep-text h2.regular-title-wrapper,#wpv-column-accac7536a36c94210ce8c2aa5a13c4b .text-divider-double,#wpv-column-accac7536a36c94210ce8c2aa5a13c4b .sep-text .sep-text-line,#wpv-column-accac7536a36c94210ce8c2aa5a13c4b .sep,#wpv-column-accac7536a36c94210ce8c2aa5a13c4b .sep-2,#wpv-column-accac7536a36c94210ce8c2aa5a13c4b .sep-3,#wpv-column-accac7536a36c94210ce8c2aa5a13c4b td,#wpv-column-accac7536a36c94210ce8c2aa5a13c4b th,#wpv-column-accac7536a36c94210ce8c2aa5a13c4b caption{color:#707070;}#wpv-column-accac7536a36c94210ce8c2aa5a13c4b:before{background-color:transparent;}<\/style><div class=\"row \"><div class=\"wpv-grid grid-1-1  first unextended\" style=\"padding-top:0px;padding-bottom:0px\" id=\"wpv-column-ea016484e0b2d5daeae6ea2191a11a89\" ><div class=\"row \"><div class=\"wpv-grid grid-1-1  first unextended\" style=\"padding-top:0px;padding-bottom:0px\" id=\"wpv-column-25e11b2403926ab5a7c825d4aeb2191e\" ><h2 style=\"text-align: center;\"><span style=\"color: #c84134;\">\u00bfPor qu\u00e9 escoger Legaliaspain para la obtenci\u00f3n de su Golden Visa?<\/span><\/h2>\n<hr \/><\/div><\/div><\/div><\/div>\n<div class=\"row \"><div class=\"wpv-grid grid-1-3  first has-background unextended\" style=\"\n\t\t\t\tbackground: url( 'https:\/\/legaliaspain.com\/wp-content\/uploads\/2020\/08\/staircase-600468_640.jpg' )  ;\n\t\t\t\tbackground-size: cover;\n\t\t\tpadding-top:0px;padding-bottom:0px\" id=\"wpv-column-ceeb3e45cb85d0102e4bb7e05fe1e3f8\" ><\/div>\n<div class=\"wpv-grid grid-2-3  unextended\" style=\"padding-top:0px;padding-bottom:0px\" id=\"wpv-column-c339f697533f4003b20ab3e644b87a68\" ><div class=\"row \"><div class=\"wpv-grid grid-1-1  first unextended\" style=\"padding-top:0px;padding-bottom:0px\" id=\"wpv-column-f1a2b8a787a44cb7ca08dbe0f07e5359\" ><ul>\n<li>Abogados y asesores fiscales a su disposici\u00f3n en cualquier momento y en su propio idioma<\/li>\n<li>Representaci\u00f3n a distancia mediante poder notarial<\/li>\n<li>Solo abogados y asesores fiscales colegiados trabajando en su caso<\/li>\n<li>Asistencia en diferentes \u00e1reas del derecho: societario, procesal, inmobiliario, sucesiones, etc.<\/li>\n<li>M\u00e1s de una d\u00e9cada de experiencia con docenas de visados Golden Visa obtenidos para nuestros clientes<\/li>\n<\/ul><\/div><\/div><\/div><\/div><\/div><\/div><\/div>\n<div class=\"row \"><div class=\"wpv-grid grid-1-1  wpv-first-level first has-background extended\" style=\"background-color:#efefef;padding-top:0px;padding-bottom:0px\" id=\"wpv-column-ecd6c8d573e647962ac79ba7d107fea1\" ><div class=\"extended-column-inner\"><style>#wpv-column-ecd6c8d573e647962ac79ba7d107fea1 p,#wpv-column-ecd6c8d573e647962ac79ba7d107fea1 em,#wpv-column-ecd6c8d573e647962ac79ba7d107fea1 .column-title,#wpv-column-ecd6c8d573e647962ac79ba7d107fea1 .sep-text h2.regular-title-wrapper,#wpv-column-ecd6c8d573e647962ac79ba7d107fea1 .text-divider-double,#wpv-column-ecd6c8d573e647962ac79ba7d107fea1 .sep-text .sep-text-line,#wpv-column-ecd6c8d573e647962ac79ba7d107fea1 .sep,#wpv-column-ecd6c8d573e647962ac79ba7d107fea1 .sep-2,#wpv-column-ecd6c8d573e647962ac79ba7d107fea1 .sep-3,#wpv-column-ecd6c8d573e647962ac79ba7d107fea1 td,#wpv-column-ecd6c8d573e647962ac79ba7d107fea1 th,#wpv-column-ecd6c8d573e647962ac79ba7d107fea1 caption{color:#707070;}#wpv-column-ecd6c8d573e647962ac79ba7d107fea1:before{background-color:transparent;}<\/style><div class=\"row \"><div class=\"wpv-grid grid-1-1  first unextended\" style=\"padding-top:0px;padding-bottom:0px\" id=\"wpv-column-6adb7b0831ef9ada96594978c11597b3\" ><h2 style=\"text-align: center;\"><span style=\"color: #c84134;\">\u00bfQu\u00e9 dicen de nosotros nuestros clientes?<\/span><\/h2>\n<hr \/>\n<blockquote><p>Contar con los profesionales de Legaliaspain fue una excelente decisi\u00f3n para nuestro proyecto. Cumplieron con creces nuestras expectativas, nos facilitaron toda la informaci\u00f3n necesaria a cada momento y se han convertido en un miembro m\u00e1s de nuestro equipo.<\/p><\/blockquote>\n<h5><span style=\"color: #999999;\">Feras Hosni <span style=\"color: #000000;\">&#8211;<\/span><\/span> <span style=\"color: #c84134;\">Inversor y director general de Libanou Management SL<\/span><\/h5>\n<div class=\"push\" style='height:30px'><\/div><\/div><\/div><\/div><\/div><\/div>\n","protected":false},"excerpt":{"rendered":"<p>l programa Golden Visa ofrece residencia a inversores extranjeros en Espa\u00f1a En Legaliaspain podemos asistirle en la tramitaci\u00f3n y obtenci\u00f3n de su Golden Visa: Asesoramiento legal por expertos abogados en el programa Golden Visa Los mejores asesores inmobiliarios trabajando en su caso Asesor\u00eda legal y tributaria por expertos profesionales con m\u00e1s de 10 a\u00f1os de&#8230;<\/p>\n","protected":false},"author":1,"featured_media":0,"parent":0,"menu_order":0,"comment_status":"closed","ping_status":"closed","template":"","meta":{"inline_featured_image":false,"footnotes":""},"class_list":["post-14062","page","type-page","status-publish","hentry"],"_links":{"self":[{"href":"https:\/\/legaliaspain.com\/es\/wp-json\/wp\/v2\/pages\/14062","targetHints":{"allow":["GET"]}}],"collection":[{"href":"https:\/\/legaliaspain.com\/es\/wp-json\/wp\/v2\/pages"}],"about":[{"href":"https:\/\/legaliaspain.com\/es\/wp-json\/wp\/v2\/types\/page"}],"author":[{"embeddable":true,"href":"https:\/\/legaliaspain.com\/es\/wp-json\/wp\/v2\/users\/1"}],"replies":[{"embeddable":true,"href":"https:\/\/legaliaspain.com\/es\/wp-json\/wp\/v2\/comments?post=14062"}],"version-history":[{"count":7,"href":"https:\/\/legaliaspain.com\/es\/wp-json\/wp\/v2\/pages\/14062\/revisions"}],"predecessor-version":[{"id":14287,"href":"https:\/\/legaliaspain.com\/es\/wp-json\/wp\/v2\/pages\/14062\/revisions\/14287"}],"wp:attachment":[{"href":"https:\/\/legaliaspain.com\/es\/wp-json\/wp\/v2\/media?parent=14062"}],"curies":[{"name":"wp","href":"https:\/\/api.w.org\/{rel}","templated":true}]}}