{"id":14064,"date":"2020-10-20T09:34:53","date_gmt":"2020-10-20T09:34:53","guid":{"rendered":"https:\/\/legaliaspain.com\/probate-in-spain-estates-and-wills\/"},"modified":"2021-04-25T21:11:01","modified_gmt":"2021-04-25T21:11:01","slug":"abogados-expertos-herencias-testamentos-espana","status":"publish","type":"page","link":"https:\/\/legaliaspain.com\/es\/abogados-expertos-herencias-testamentos-espana\/","title":{"rendered":"Sucesiones, Herencias y Testamentos en Espa\u00f1a"},"content":{"rendered":"<div class=\"row \"><div class=\"wpv-grid grid-1-1  wpv-first-level first has-background extended\" style=\"\n\t\t\t\tbackground: url( 'https:\/\/legaliaspain.com\/wp-content\/uploads\/2020\/11\/fondolandingcompany-e1606252661828.jpg' ) no-repeat ;\n\t\t\t\tbackground-size: cover;\n\t\t\tbackground-attachment: fixed;padding-top:10px;padding-bottom:50px\" id=\"wpv-column-35530574a466867acba137b1e5272cc6\" ><div class=\"extended-column-inner\"><div class=\"push\" style='height:100px'><\/div>\n<div class=\"row \"><div class=\"wpv-grid grid-2-3  first unextended\" style=\"padding-top:0px;padding-bottom:0px\" id=\"wpv-column-34276f3f297615e6165c8fba5f46d60e\" ><div class=\"row \"><div class=\"wpv-grid grid-1-1  first unextended\" style=\"padding-top:0px;padding-bottom:0px\" id=\"wpv-column-f9fdd2d0d7cc95b6af0cd790d170c1e4\" ><h2><span style=\"color: #ffffff;\"><span class='dropcap1 '>E<\/span> xpertos en sucesiones, herencias y testamentos en Espa\u00f1a<\/span><\/h2>\n<p><span style=\"color: #ffffff;\">En Legaliaspain podemos asistirle con<\/span><span style=\"color: #ffffff;\"><strong>:<\/strong><\/span><\/p>\n<p><span style=\"color: #ffffff;\"><strong> <span class='icon shortcode   use-hover' style='font-size:19px !important;'>&#57946;<\/span> Herencias en Espa\u00f1a<br \/>\n<\/strong><\/span><\/p>\n<p><span style=\"color: #ffffff;\"><strong> <span class='icon shortcode   use-hover' style='font-size:19px !important;'>&#57946;<\/span> Ejecuci\u00f3n de testamentos extranjeros en Espa\u00f1a<\/strong><\/span><\/p>\n<p><span style=\"color: #ffffff;\"><strong><span class='icon shortcode   use-hover' style='font-size:19px !important;'>&#57946;<\/span> Aceptaciones de herencias y declaraciones de herederos<\/strong><\/span><\/p>\n<p><span style=\"color: #ffffff;\"><strong><span class='icon shortcode   use-hover' style='font-size:19px !important;'>&#57946;<\/span> Asesoramiento en el impuesto de sucesiones<br \/>\n<\/strong><\/span><\/p>\n<p><span style=\"color: #ffffff;\"><strong><span class='icon shortcode   use-hover' style='font-size:19px !important;'>&#57946;<\/span> Ejecuci\u00f3n de sentencias, probates y testamentos extranjeros en Espa\u00f1a<\/strong><\/span><\/p>\n<p><span style=\"color: #ffffff;\"><strong><span class='icon shortcode   use-hover' style='font-size:19px !important;'>&#57946;<\/span> Coordinaci\u00f3n entre jurisdicciones en sucesiones con intereses transfronterizos<\/strong><\/span><\/p>\n<p><span style=\"color: #ffffff;\"><strong><span class='icon shortcode   use-hover' style='font-size:19px !important;'>&#57946;<\/span> Valoraci\u00f3n, distribuci\u00f3n y localizaci\u00f3n de bienes en Espa\u00f1a<\/strong><\/span><\/p>\n<p><span style=\"color: #ffffff;\"><strong><span class='icon shortcode   use-hover' style='font-size:19px !important;'>&#57946;<\/span> Asistencia en la distribuci\u00f3n de bienes heredados en Espa\u00f1a (p. ej. en la venta de una propiedad heredada)<\/strong><\/span><\/p>\n<p><span style=\"color: #000000;\"><\/div><\/div><\/span><\/div>\n<div class=\"wpv-grid grid-1-3  has-background unextended\" style=\"background-color:#e8e8e8;padding-top:0px;padding-bottom:0px\" id=\"wpv-column-260e969171d7a358fad40de3f1cf9320\" ><style>#wpv-column-260e969171d7a358fad40de3f1cf9320 p,#wpv-column-260e969171d7a358fad40de3f1cf9320 em,#wpv-column-260e969171d7a358fad40de3f1cf9320 .column-title,#wpv-column-260e969171d7a358fad40de3f1cf9320 .sep-text h2.regular-title-wrapper,#wpv-column-260e969171d7a358fad40de3f1cf9320 .text-divider-double,#wpv-column-260e969171d7a358fad40de3f1cf9320 .sep-text .sep-text-line,#wpv-column-260e969171d7a358fad40de3f1cf9320 .sep,#wpv-column-260e969171d7a358fad40de3f1cf9320 .sep-2,#wpv-column-260e969171d7a358fad40de3f1cf9320 .sep-3,#wpv-column-260e969171d7a358fad40de3f1cf9320 td,#wpv-column-260e969171d7a358fad40de3f1cf9320 th,#wpv-column-260e969171d7a358fad40de3f1cf9320 caption{color:#696969;}#wpv-column-260e969171d7a358fad40de3f1cf9320:before{background-color:transparent;}<\/style><div class=\"row \"><div class=\"wpv-grid grid-1-1  first unextended\" style=\"padding-top:0px;padding-bottom:0px\" id=\"wpv-column-54aa1e113865528deaac371602be7a4b\" ><table>\n<tbody>\n<tr>\n<td width=\"288\">\n<h4>Escanea este c\u00f3digo QR para iniciar un chat de Whatsapp<\/h4>\n<\/td>\n<td width=\"288\"><img loading=\"lazy\" decoding=\"async\" class=\"wp-image-13102 alignright\" src=\"https:\/\/legaliaspain.com\/wp-content\/uploads\/2020\/10\/QR-Whatsapp.png\" alt=\"\" width=\"111\" height=\"111\" srcset=\"https:\/\/legaliaspain.com\/wp-content\/uploads\/2020\/10\/QR-Whatsapp.png 111w, https:\/\/legaliaspain.com\/wp-content\/uploads\/2020\/10\/QR-Whatsapp-60x60.png 60w\" sizes=\"auto, (max-width: 111px) 100vw, 111px\" \/><\/td>\n<\/tr>\n<\/tbody>\n<\/table><\/div><\/div>\n<div class=\"row \"><div class=\"wpv-grid grid-1-1  first unextended\" style=\"padding-top:0px;padding-bottom:0px\" id=\"wpv-column-1f57285eead1be03f8bc34040df982ab\" ><p>\n<div class=\"wpcf7 no-js\" id=\"wpcf7-f14269-o1\" lang=\"en-US\" dir=\"ltr\" data-wpcf7-id=\"14269\">\n<div class=\"screen-reader-response\"><p role=\"status\" aria-live=\"polite\" aria-atomic=\"true\"><\/p> <ul><\/ul><\/div>\n<form action=\"\/es\/wp-json\/wp\/v2\/pages\/14064#wpcf7-f14269-o1\" method=\"post\" class=\"wpcf7-form init\" aria-label=\"Contact form\" novalidate=\"novalidate\" data-status=\"init\">\n<fieldset class=\"hidden-fields-container\"><input type=\"hidden\" name=\"_wpcf7\" value=\"14269\" \/><input type=\"hidden\" name=\"_wpcf7_version\" value=\"6.1.5\" \/><input type=\"hidden\" name=\"_wpcf7_locale\" value=\"en_US\" \/><input type=\"hidden\" name=\"_wpcf7_unit_tag\" value=\"wpcf7-f14269-o1\" \/><input type=\"hidden\" name=\"_wpcf7_container_post\" value=\"0\" \/><input type=\"hidden\" name=\"_wpcf7_posted_data_hash\" value=\"\" \/>\n<\/fieldset>\n<p><span class=\"wpcf7-form-control-wrap\" data-name=\"text-377\"><input size=\"40\" maxlength=\"400\" class=\"wpcf7-form-control wpcf7-text\" aria-invalid=\"false\" placeholder=\"Su nombre\" value=\"\" type=\"text\" name=\"text-377\" \/><\/span><br \/>\n<span class=\"wpcf7-form-control-wrap\" data-name=\"email-241\"><input size=\"40\" maxlength=\"400\" class=\"wpcf7-form-control wpcf7-email wpcf7-validates-as-required wpcf7-text wpcf7-validates-as-email\" aria-required=\"true\" aria-invalid=\"false\" placeholder=\"Su direcci\u00f3n de email\" value=\"\" type=\"email\" name=\"email-241\" \/><\/span><br \/>\n<span class=\"wpcf7-form-control-wrap\" data-name=\"tel-22\"><input size=\"40\" maxlength=\"400\" class=\"wpcf7-form-control wpcf7-tel wpcf7-text wpcf7-validates-as-tel\" aria-invalid=\"false\" placeholder=\"Su n\u00famero de tel\u00e9fono\" value=\"\" type=\"tel\" name=\"tel-22\" \/><\/span><br \/>\n<span class=\"wpcf7-form-control-wrap\" data-name=\"textarea-751\"><textarea cols=\"40\" rows=\"10\" maxlength=\"2000\" class=\"wpcf7-form-control wpcf7-textarea wpcf7-validates-as-required\" aria-required=\"true\" aria-invalid=\"false\" placeholder=\"Su mensaje\" name=\"textarea-751\"><\/textarea><\/span><br \/>\n<span class=\"wpcf7-form-control-wrap\" data-name=\"acceptance-569\"><span class=\"wpcf7-form-control wpcf7-acceptance\"><span class=\"wpcf7-list-item\"><label><input type=\"checkbox\" name=\"acceptance-569\" value=\"1\" aria-invalid=\"false\" \/><span class=\"wpcf7-list-item-label\">Acepto la <a href=\"https:\/\/legaliaspain.com\/privacy-policy\/\" target=\"_blank\" rel=\"noopener noreferrer\">pol\u00edtica de privacidad<\/a><\/span><\/label><\/span><\/span><\/span>\n<\/p>\n<p><input class=\"wpcf7-form-control wpcf7-submit has-spinner\" type=\"submit\" value=\"ENVIAR\" \/>\n<\/p><div class=\"wpcf7-response-output\" aria-hidden=\"true\"><\/div>\n<\/form>\n<\/div>\n<\/div><\/div><\/div><\/div><\/div><\/div><\/div>\n<div class=\"row \"><div class=\"wpv-grid grid-1-1  wpv-first-level first has-background extended\" style=\"background-color:#efefef;padding-top:0px;padding-bottom:0px\" id=\"wpv-column-12e5b5abac0ceb5e557b1f4451f04803\" ><div class=\"extended-column-inner\"><style>#wpv-column-12e5b5abac0ceb5e557b1f4451f04803 p,#wpv-column-12e5b5abac0ceb5e557b1f4451f04803 em,#wpv-column-12e5b5abac0ceb5e557b1f4451f04803 .column-title,#wpv-column-12e5b5abac0ceb5e557b1f4451f04803 .sep-text h2.regular-title-wrapper,#wpv-column-12e5b5abac0ceb5e557b1f4451f04803 .text-divider-double,#wpv-column-12e5b5abac0ceb5e557b1f4451f04803 .sep-text .sep-text-line,#wpv-column-12e5b5abac0ceb5e557b1f4451f04803 .sep,#wpv-column-12e5b5abac0ceb5e557b1f4451f04803 .sep-2,#wpv-column-12e5b5abac0ceb5e557b1f4451f04803 .sep-3,#wpv-column-12e5b5abac0ceb5e557b1f4451f04803 td,#wpv-column-12e5b5abac0ceb5e557b1f4451f04803 th,#wpv-column-12e5b5abac0ceb5e557b1f4451f04803 caption{color:#707070;}#wpv-column-12e5b5abac0ceb5e557b1f4451f04803:before{background-color:transparent;}<\/style><div class=\"row \"><div class=\"wpv-grid grid-1-1  first unextended\" style=\"padding-top:0px;padding-bottom:0px\" id=\"wpv-column-f211df25093ef68503a7018778edb2bb\" ><div class=\"row \"><div class=\"wpv-grid grid-1-1  first unextended\" style=\"padding-top:0px;padding-bottom:0px\" id=\"wpv-column-9e00079ae74ad52cf2c18b47ca7276c5\" ><h1 style=\"text-align: center;\"><span style=\"color: #c84134;\">Abogados de sucesiones en Espa\u00f1a<\/span><\/h1>\n<hr \/>\n<p style=\"text-align: justify;\"><span style=\"color: #000000;\">En un mundo globalizado, es muy com\u00fan que el <strong>patrimonio<\/strong> <strong>de una persona se localice en m\u00e1s de un pa\u00eds<\/strong>, lo que puede dificultar la planificaci\u00f3n de una herencia y que sus herederos y beneficiarios hereden esos bienes.<\/span><\/p>\n<p style=\"text-align: justify;\"><span style=\"color: #000000;\">Las barreras idiom\u00e1ticas, la distancia y el desconocimiento de la normativa extranjera son algunos de los elementos que hacen casi obligatoria la designaci\u00f3n de un <strong>abogado experto<\/strong> que nos asista a lo largo el proceso.<\/span><\/p>\n<p><span style=\"color: #000000;\">Pero, \u00bfqu\u00e9 debemos hacer si una persona fallece <strong>siendo titular de bienes o propiedades en Espa\u00f1a<\/strong>? \u00bfC\u00f3mo podemos <strong>transferir ese patrimonio en Espa\u00f1a a los herederos o beneficiarios<\/strong>?<\/span><\/p>\n<p><span style=\"color: #000000;\">La respuesta es tramitando una sucesi\u00f3n en Espa\u00f1a.<\/span><\/p>\n<h2 style=\"text-align: center;\"><span style=\"color: #c84134;\">Herencias en Espa\u00f1a: Preguntas Frecuentes<\/span><\/h2>\n<hr \/><\/div><\/div>\n<div class=\"row \"><div class=\"wpv-grid grid-1-1  first unextended animation-from-left animated-active\" style=\"padding-top:0px;padding-bottom:0px\" id=\"wpv-column-3b4215fafaa775002e6206d768632b88\" ><h3><span style=\"color: #c84134;\">\u00bfC\u00f3mo se tramita una sucesi\u00f3n en Espa\u00f1a?<\/span><\/h3>\n<p style=\"text-align: justify;\"><span style=\"color: #000000;\">La sucesi\u00f3n se tramita mediante la <strong>aceptaci\u00f3n de la herencia<\/strong>, figura por la cual una persona obtiene la <strong>autoridad para heredar los bienes o propiedades de una persona fallecida<\/strong>. Este proceso se suele hacer ante un notario en Espa\u00f1a.<\/span><\/div><\/div>\n<div class=\"row \"><div class=\"wpv-grid grid-1-1  first unextended animation-from-right animated-active\" style=\"padding-top:0px;padding-bottom:0px\" id=\"wpv-column-a63d1330e47164e8e9053e48728eb43e\" ><h3><span style=\"color: #c84134;\">\u00bfCuando es necesario el acto de aceptaci\u00f3n?<\/span><\/h3>\n<p style=\"text-align: justify;\"><span style=\"color: #000000;\">La aceptaci\u00f3n es necesaria cuando seamos los <strong>herederos<\/strong> de alguien que tuviera alg\u00fan tipo de patrimonio (propiedad, cuenta bancaria, activos&#8230;) en Espa\u00f1a. Esto significa que <strong>algunas herencias deben ser aceptadas en m\u00e1s de una ocasi\u00f3n<\/strong> si, por ejemplo, el difunto ten\u00eda intereses en m\u00e1s de un pa\u00eds (p. ej. Espa\u00f1a y Reino Unido)<\/span><\/div><\/div>\n<div class=\"row \"><div class=\"wpv-grid grid-1-1  first unextended animation-from-left animated-active\" style=\"padding-top:0px;padding-bottom:0px\" id=\"wpv-column-f36d75f8fcfed6132457a26337aefd0b\" ><h3><span style=\"color: #c84134;\">\u00bfQui\u00e9n debe realizar la aceptaci\u00f3n de la herencia?<\/span><\/h3>\n<p><span style=\"color: #000000;\">La aceptaci\u00f3n de la herencia la deber\u00e1n promover los herederos del causante.<\/span><\/div><\/div>\n<div class=\"row \"><div class=\"wpv-grid grid-1-1  first unextended animation-from-right animated-active\" style=\"padding-top:0px;padding-bottom:0px\" id=\"wpv-column-d8a9f850967598e6c4d18de85d232c3d\" ><h3><span style=\"color: #c84134;\">\u00bfQui\u00e9nes pueden promover el acto de aceptaci\u00f3n?<\/span><\/h3>\n<p style=\"text-align: justify;\"><span style=\"color: #000000;\">Cualquier persona <strong>nombrada en el testamento por el difunto<\/strong> o, si la persona no dej\u00f3 testamento, cualquier persona con <strong>derecho a heredar los bienes del difunto<\/strong> (c\u00f3nyuge, pareja de hecho, hijo, hermano, etc.).<\/span><\/div><\/div>\n<div class=\"row \"><div class=\"wpv-grid grid-1-1  first unextended animation-from-left animated-active\" style=\"padding-top:0px;padding-bottom:0px\" id=\"wpv-column-c725a44edfe85f25e49a2f778bc01db5\" ><h3><span style=\"color: #c84134;\">\u00bfNecesito un abogado para el acto de aceptaci\u00f3n de una herencia?<\/span><\/h3>\n<p style=\"text-align: justify;\"><span style=\"color: #000000;\">Dada la complejidad del proceso, y en el caso de personas extranjeras la distancia y las barreras ling\u00fc\u00edsticas, es casi obligatorio designar a un <strong>abogado experto en sucesiones<\/strong> para que act\u00fae en nombre de los herederos.<br \/>\n<\/span><\/div><\/div>\n<div class=\"row \"><div class=\"wpv-grid grid-1-1  first unextended animation-from-right animated-active\" style=\"padding-top:0px;padding-bottom:0px\" id=\"wpv-column-fe9a5bba6cf4f91ab199463a33d8d2c4\" ><h3><span style=\"color: #c84134;\">\u00bfPuedo aceptar una herencia en Espa\u00f1a con un testamento otorgado en el extranjero?<\/span><\/h3>\n<p style=\"text-align: justify;\"><span style=\"color: #000000;\">S\u00ed puede, no obstante el proceso es ciertamente complejo por lo que ser\u00e1 necesaria la intervenci\u00f3n de un abogado experto.<\/span><\/div><\/div>\n<div class=\"row \"><div class=\"wpv-grid grid-1-1  first unextended animation-from-left animated-active\" style=\"padding-top:0px;padding-bottom:0px\" id=\"wpv-column-a45c9c8612a63f187ca3607eb006003c\" ><h3><span style=\"color: #c84134;\">\u00bfQu\u00e9 dicen las leyes sucesorias en Espa\u00f1a si alguien fallece sin otorgar testamento?<\/span><\/h3>\n<p style=\"text-align: justify;\"><span style=\"color: #000000;\">Si una persona fallece sin testamento teniendo el domicilio en Espa\u00f1a se aplicar\u00e1n las disposiciones del derecho sucesorio espa\u00f1ol aunque esa persona tuviera pasaporte extranjero. El derecho de sucesiones en Espa\u00f1a es un tema bastante complejo y el aspecto a menudo m\u00e1s controvertido es el que obliga a legar dos tercios del patrimonio del difunto a los hijos.<\/span><\/div><\/div>\n<div class=\"row \"><div class=\"wpv-grid grid-1-1  first unextended animation-from-right animated-active\" style=\"padding-top:0px;padding-bottom:0px\" id=\"wpv-column-7eeff0241ab57d780ca75b6963743abf\" ><h3><span style=\"color: #c84134;\">\u00bfC\u00f3mo puedo saber si un difunto dispon\u00eda de bienes en Espa\u00f1a y conocer su valoraci\u00f3n?<\/span><\/h3>\n<p style=\"text-align: justify;\"><span style=\"color: #000000;\">Parte de la informaci\u00f3n (p. ej. la propiedad de los inmuebles) est\u00e1 disponible en los registros p\u00fablicos, como el registro de la propiedad, mientras que otros activos (p. ej. cuentas bancarias, participaciones en empresas, veh\u00edculos, etc.) deben ser objeto de averiguaci\u00f3n por un abogado experto en sucesiones.<\/span><\/div><\/div>\n<div class=\"row \"><div class=\"wpv-grid grid-1-1  first unextended animation-from-left animated-active\" style=\"padding-top:0px;padding-bottom:0px\" id=\"wpv-column-a63b505f8ad9c0a574f6249ea8cbca8d\" ><h3><span style=\"color: #c84134;\">\u00bfCu\u00e1nto se paga en concepto de impuesto de sucesiones en Espa\u00f1a?<\/span><\/h3>\n<p style=\"text-align: justify;\"><span style=\"color: #000000;\">La cuant\u00eda del impuesto se basa en el valor de la herencia del difunto y en la residencia de los herederos y beneficiarios, ya sean residentes fiscales espa\u00f1oles o no residentes.<\/span><\/p>\n<p style=\"text-align: justify;\"><span style=\"color: #000000;\">En la mayor\u00eda de casos los parientes m\u00e1s cercanos tendr\u00e1n deducciones en el impuesto de sucesiones en Espa\u00f1a.<\/span><\/div><\/div>\n<div class=\"row \"><div class=\"wpv-grid grid-1-1  first unextended animation-from-right animated-active\" style=\"padding-top:0px;padding-bottom:0px\" id=\"wpv-column-1bbe6698e0410d8c43f3c337f242d7a4\" ><h3><span style=\"color: #c84134;\">\u00bfCu\u00e1ndo se debe pagar el impuesto de sucesiones en Espa\u00f1a?<\/span><\/h3>\n<p style=\"text-align: justify;\"><span style=\"color: #000000;\">El impuesto de sucesiones debe ser presentado por cada uno de los herederos en un plazo de <strong>seis meses desde la fecha del fallecimiento del causante<\/strong>. Si no se presenta el impuesto de sucesiones en el plazo previsto, se aplicar\u00e1 una sanci\u00f3n por presentaci\u00f3n tard\u00eda.<\/span><\/p>\n<p style=\"text-align: justify;\"><span style=\"color: #000000;\">Un abogado experto en derecho sucesorio podr\u00e1 obtener una pr\u00f3rroga de este plazo de seis meses, evitando as\u00ed las sanciones por retraso.<\/span><\/div><\/div>\n<div class=\"row \"><div class=\"wpv-grid grid-1-1  first unextended animation-from-left animated-active\" style=\"padding-top:0px;padding-bottom:0px\" id=\"wpv-column-ca4ddb5c81e05e53c79b7575a4c8cced\" ><h3><span style=\"color: #c84134;\">\u00bfHe heredado una casa en Espa\u00f1a, qu\u00e9 hago?<\/span><\/h3>\n<p style=\"text-align: justify;\"><span style=\"color: #000000;\">En algunos casos, al heredar una propiedad en Espa\u00f1a, el beneficiario no tiene intenci\u00f3n de conservarla para su patrimonio personal.<\/span><\/p>\n<p style=\"text-align: justify;\"><span style=\"color: #000000;\">En Legaliaspain somos expertos en derecho inmobiliario dispuestos a asistirle en la gesti\u00f3n, venta, alquiler, etc. de una propiedad heredada en Espa\u00f1a.<\/span><\/div><\/div>\n<div class=\"row \"><div class=\"wpv-grid grid-1-1  first unextended animation-from-right animated-active\" style=\"padding-top:0px;padding-bottom:0px\" id=\"wpv-column-1f1974ff4233d21fe8fbf8777a655065\" ><hr \/><\/div><\/div>\n<div class=\"row \"><div class=\"wpv-grid grid-1-1  first unextended\" style=\"padding-top:0px;padding-bottom:0px\" id=\"wpv-column-77448c721c3deaba1c0d4397b8f58aba\" ><p style=\"text-align: justify;\"><span style=\"color: #000000;\">Estas son s\u00f3lo algunas de las muchas preguntas que nos han hecho nuestros clientes a lo largo de los a\u00f1os. Los asuntos de derecho sucesorio en Espa\u00f1a son complejos y a menudo no hay una misma respuesta para dos casos similares. <\/span><\/p>\n<p style=\"text-align: justify;\"><span style=\"color: #000000;\">Podr\u00e1 encontrar m\u00e1s informaci\u00f3n sobre sucesiones, herencias, testamentos en Espa\u00f1a en nuestra secci\u00f3n de <a href=\"https:\/\/legaliaspain.com\/es\/articles\/\" target=\"_blank\" rel=\"noopener\">art\u00edculos<\/a> en donde hablamos de temas como por ejemplo <a href=\"https:\/\/legaliaspain.com\/es\/spanish-probate\/\">Probate en Espa\u00f1a: Qu\u00e9 es y cu\u00e1ndo se necesita?<\/a>.<br \/>\n<\/span><\/p>\n<p style=\"text-align: justify;\"><span style=\"color: #000000;\">En Legaliaspain nos enorgullecemos de haber asistido a cientos de clientes en la regularizaci\u00f3n de su sucesi\u00f3n en Espa\u00f1a, as\u00ed como en la adjudicaci\u00f3n y posterior administraci\u00f3n de los bienes de su ser querido, acompa\u00f1\u00e1ndoles a lo largo de todo el proceso.<\/span><\/div><\/div><\/div><\/div>\n<div class=\"row \"><div class=\"wpv-grid grid-1-1  first has-background extended\" style=\"background-color:#efefef;padding-top:10px;padding-bottom:50px\" id=\"wpv-column-0cd4661ae9f92687ffbf72c04d355b9b\" ><div class=\"extended-column-inner\"><style>#wpv-column-0cd4661ae9f92687ffbf72c04d355b9b p,#wpv-column-0cd4661ae9f92687ffbf72c04d355b9b em,#wpv-column-0cd4661ae9f92687ffbf72c04d355b9b .column-title,#wpv-column-0cd4661ae9f92687ffbf72c04d355b9b .sep-text h2.regular-title-wrapper,#wpv-column-0cd4661ae9f92687ffbf72c04d355b9b .text-divider-double,#wpv-column-0cd4661ae9f92687ffbf72c04d355b9b .sep-text .sep-text-line,#wpv-column-0cd4661ae9f92687ffbf72c04d355b9b .sep,#wpv-column-0cd4661ae9f92687ffbf72c04d355b9b .sep-2,#wpv-column-0cd4661ae9f92687ffbf72c04d355b9b .sep-3,#wpv-column-0cd4661ae9f92687ffbf72c04d355b9b td,#wpv-column-0cd4661ae9f92687ffbf72c04d355b9b th,#wpv-column-0cd4661ae9f92687ffbf72c04d355b9b caption{color:#707070;}#wpv-column-0cd4661ae9f92687ffbf72c04d355b9b:before{background-color:transparent;}<\/style><div class=\"row \"><div class=\"wpv-grid grid-1-1  first unextended\" style=\"padding-top:0px;padding-bottom:0px\" id=\"wpv-column-27ec700147427c33c99ea674f0a0fdc4\" ><div class=\"row \"><div class=\"wpv-grid grid-1-1  first unextended\" style=\"padding-top:0px;padding-bottom:0px\" id=\"wpv-column-49dadfe59b9f5f8600a0c6bcf06807b4\" ><h2 style=\"text-align: center;\"><span style=\"color: #c84134;\">\u00bfPor qu\u00e9 escoger Legaliaspain para tramitar una sucesi\u00f3n en Espa\u00f1a?<\/span><\/h2>\n<hr \/><\/div><\/div><\/div><\/div>\n<div class=\"row \"><div class=\"wpv-grid grid-1-3  first has-background unextended\" style=\"\n\t\t\t\tbackground: url( 'https:\/\/legaliaspain.com\/wp-content\/uploads\/2020\/08\/staircase-600468_640.jpg' )  ;\n\t\t\t\tbackground-size: cover;\n\t\t\tpadding-top:0px;padding-bottom:0px\" id=\"wpv-column-54fd9131c95320a53f840dad787ddee9\" ><\/div>\n<div class=\"wpv-grid grid-2-3  unextended\" style=\"padding-top:0px;padding-bottom:0px\" id=\"wpv-column-77586aa75d2fb03ebb95bcff5ed0d7ac\" ><div class=\"row \"><div class=\"wpv-grid grid-1-1  first unextended\" style=\"padding-top:0px;padding-bottom:0px\" id=\"wpv-column-edd805b0edc85dec6cdbfda2de97b840\" ><ul>\n<li><span style=\"color: #000000;\">Abogados y asesores fiscales a su disposici\u00f3n en cualquier momento y en su propio idioma<\/span><\/li>\n<li><span style=\"color: #000000;\">Representaci\u00f3n a distancia mediante poder notarial<\/span><\/li>\n<li><span style=\"color: #000000;\">Solo abogados y asesores fiscales colegiados trabajando en su caso<\/span><\/li>\n<li><span style=\"color: #000000;\">Asistencia en diferentes \u00e1reas del derecho: societario, procesal, inmobiliario, tributario, etc.<\/span><\/li>\n<li><span style=\"color: #000000;\">M\u00e1s de una d\u00e9cada de experiencia prestando asesoramiento en sucesiones extranjeras y planificaci\u00f3n testamentaria.<br \/>\n<\/span><\/li>\n<\/ul><\/div><\/div><\/div><\/div><\/div><\/div><\/div>\n<div class=\"row \"><div class=\"wpv-grid grid-1-1  first has-background extended\" style=\"background-color:#efefef;padding-top:0px;padding-bottom:0px\" id=\"wpv-column-abae4e69041a295a9a4ed2e413283eb6\" ><div class=\"extended-column-inner\"><style>#wpv-column-abae4e69041a295a9a4ed2e413283eb6 p,#wpv-column-abae4e69041a295a9a4ed2e413283eb6 em,#wpv-column-abae4e69041a295a9a4ed2e413283eb6 .column-title,#wpv-column-abae4e69041a295a9a4ed2e413283eb6 .sep-text h2.regular-title-wrapper,#wpv-column-abae4e69041a295a9a4ed2e413283eb6 .text-divider-double,#wpv-column-abae4e69041a295a9a4ed2e413283eb6 .sep-text .sep-text-line,#wpv-column-abae4e69041a295a9a4ed2e413283eb6 .sep,#wpv-column-abae4e69041a295a9a4ed2e413283eb6 .sep-2,#wpv-column-abae4e69041a295a9a4ed2e413283eb6 .sep-3,#wpv-column-abae4e69041a295a9a4ed2e413283eb6 td,#wpv-column-abae4e69041a295a9a4ed2e413283eb6 th,#wpv-column-abae4e69041a295a9a4ed2e413283eb6 caption{color:#707070;}#wpv-column-abae4e69041a295a9a4ed2e413283eb6:before{background-color:transparent;}<\/style><div class=\"row \"><div class=\"wpv-grid grid-1-1  first unextended\" style=\"padding-top:0px;padding-bottom:0px\" id=\"wpv-column-e92cfe9f6d5e0ed31fea3eb8f81ca224\" ><h2 style=\"text-align: center;\"><span style=\"color: #c84134;\">\u00bfQu\u00e9 dicen de nosotros nuestros clientes?<\/span><\/h2>\n<hr \/>\n<blockquote><p>Contar con los profesionales de Legaliaspain fue una excelente decisi\u00f3n para nuestro proyecto. Cumplieron con creces nuestras expectativas, nos facilitaron toda la informaci\u00f3n necesaria a cada momento y se han convertido en un miembro m\u00e1s de nuestro equipo.<\/p><\/blockquote>\n<h5><span style=\"color: #999999;\">Feras Hosni <span style=\"color: #000000;\">&#8211;<\/span><\/span> <span style=\"color: #c84134;\">Inversor y director general de Libanou Management SL<\/span><\/h5>\n<div class=\"push\" style='height:30px'><\/div><\/div><\/div><\/div><\/div><\/div><\/div><\/div><\/div>\n","protected":false},"excerpt":{"rendered":"<p>xpertos en sucesiones, herencias y testamentos en Espa\u00f1a En Legaliaspain podemos asistirle con: Herencias en Espa\u00f1a Ejecuci\u00f3n de testamentos extranjeros en Espa\u00f1a Aceptaciones de herencias y declaraciones de herederos Asesoramiento en el impuesto de sucesiones Ejecuci\u00f3n de sentencias, probates y testamentos extranjeros en Espa\u00f1a Coordinaci\u00f3n entre jurisdicciones en sucesiones con intereses transfronterizos Valoraci\u00f3n, distribuci\u00f3n y&#8230;<\/p>\n","protected":false},"author":1,"featured_media":0,"parent":0,"menu_order":0,"comment_status":"closed","ping_status":"closed","template":"","meta":{"inline_featured_image":false,"footnotes":""},"class_list":["post-14064","page","type-page","status-publish","hentry"],"_links":{"self":[{"href":"https:\/\/legaliaspain.com\/es\/wp-json\/wp\/v2\/pages\/14064","targetHints":{"allow":["GET"]}}],"collection":[{"href":"https:\/\/legaliaspain.com\/es\/wp-json\/wp\/v2\/pages"}],"about":[{"href":"https:\/\/legaliaspain.com\/es\/wp-json\/wp\/v2\/types\/page"}],"author":[{"embeddable":true,"href":"https:\/\/legaliaspain.com\/es\/wp-json\/wp\/v2\/users\/1"}],"replies":[{"embeddable":true,"href":"https:\/\/legaliaspain.com\/es\/wp-json\/wp\/v2\/comments?post=14064"}],"version-history":[{"count":12,"href":"https:\/\/legaliaspain.com\/es\/wp-json\/wp\/v2\/pages\/14064\/revisions"}],"predecessor-version":[{"id":14273,"href":"https:\/\/legaliaspain.com\/es\/wp-json\/wp\/v2\/pages\/14064\/revisions\/14273"}],"wp:attachment":[{"href":"https:\/\/legaliaspain.com\/es\/wp-json\/wp\/v2\/media?parent=14064"}],"curies":[{"name":"wp","href":"https:\/\/api.w.org\/{rel}","templated":true}]}}